{"id":11473,"date":"2017-11-13T16:15:10","date_gmt":"2017-11-13T15:15:10","guid":{"rendered":"https:\/\/www.webzunder.com\/?page_id=11473"},"modified":"2025-07-18T17:28:43","modified_gmt":"2025-07-18T15:28:43","slug":"social","status":"publish","type":"page","link":"https:\/\/www.webzunder.com\/de\/social\/","title":{"rendered":"webZunder im Social Web"},"content":{"rendered":"<div class=\"fusion-fullwidth fullwidth-box fusion-builder-row-1 nonhundred-percent-fullwidth non-hundred-percent-height-scrolling\" style=\"--awb-background-position:left top;--awb-border-radius-top-left:0px;--awb-border-radius-top-right:0px;--awb-border-radius-bottom-right:0px;--awb-border-radius-bottom-left:0px;--awb-padding-top:20px;--awb-padding-bottom:20px;--awb-border-sizes-top:0px;--awb-border-sizes-bottom:0px;--awb-flex-wrap:wrap;\" ><div class=\"fusion-builder-row fusion-row\"><div class=\"fusion-layout-column fusion_builder_column fusion-builder-column-0 fusion_builder_column_1_2 1_2 fusion-one-half fusion-column-first\" style=\"--awb-bg-size:cover;width:48%; margin-right: 4%;\"><div class=\"fusion-column-wrapper fusion-flex-column-wrapper-legacy\"><div class=\"fusion-title title fusion-title-1 fusion-sep-none fusion-title-text fusion-title-size-two\" style=\"--awb-margin-top-small:0px;--awb-margin-right-small:0px;--awb-margin-bottom-small:20px;--awb-margin-left-small:0px;\"><h2 class=\"fusion-title-heading title-heading-left fusion-responsive-typography-calculated\" style=\"margin:0;--fontSize:30;line-height:1.4;\">Unser Blog<\/h2><\/div><div class=\"fusion-text fusion-text-1\"><p>In unserem Blog ver\u00f6ffentlichen wir regelm\u00e4\u00dfig Artikel mit Tipps und Tricks f\u00fcr Unternehmer. Unser Anspruch: Nur relevante Themen, die heute f\u00fcr Sie wichtig sind und immer verst\u00e4ndlich erkl\u00e4rt.<\/p>\n<p><a href=\"\/\/www.webzunder.com\/de\/blog\/\" target=\"_blank\" rel=\"noopener\">webZunder Blog<\/a><\/p>\n<\/div><div class=\"fusion-clearfix\"><\/div><\/div><\/div><div class=\"fusion-layout-column fusion_builder_column fusion-builder-column-1 fusion_builder_column_1_2 1_2 fusion-one-half fusion-column-last\" style=\"--awb-bg-size:cover;width:48%;\"><div class=\"fusion-column-wrapper fusion-flex-column-wrapper-legacy\"><div class=\"fusion-title title fusion-title-2 fusion-sep-none fusion-title-text fusion-title-size-two\" style=\"--awb-margin-top-small:0px;--awb-margin-right-small:0px;--awb-margin-bottom-small:20px;--awb-margin-left-small:0px;\"><h2 class=\"fusion-title-heading title-heading-left fusion-responsive-typography-calculated\" style=\"margin:0;--fontSize:30;line-height:1.4;\">Facebook<\/h2><\/div><div class=\"fusion-text fusion-text-2\"><p>Werden Sie Fan unserer Facebook Seite und erhalten Sie alle Neuigkeiten zuerst. Dabei nat\u00fcrlich unsere Blogbeitr\u00e4ge, aber auch andere gute Beitr\u00e4ge, die wir gern weiterempfehlen.<\/p>\n<p><a href=\"\/\/fb.com\/webzunder\" target=\"_blank\" rel=\"noopener\">webZunder Facebook Seite<\/a><\/p>\n<\/div><div class=\"fusion-clearfix\"><\/div><\/div><\/div><div class=\"fusion-layout-column fusion_builder_column fusion-builder-column-2 fusion_builder_column_1_2 1_2 fusion-one-half fusion-column-first\" style=\"--awb-bg-size:cover;width:48%; margin-right: 4%;\"><div class=\"fusion-column-wrapper fusion-flex-column-wrapper-legacy\"><div class=\"fusion-title title fusion-title-3 fusion-sep-none fusion-title-text fusion-title-size-two\" style=\"--awb-margin-top-small:0px;--awb-margin-right-small:0px;--awb-margin-bottom-small:20px;--awb-margin-left-small:0px;\"><h2 class=\"fusion-title-heading title-heading-left fusion-responsive-typography-calculated\" style=\"margin:0;--fontSize:30;line-height:1.4;\">Twitter<\/h2><\/div><div class=\"fusion-text fusion-text-3\"><p>Werden Sie unser Twitter Follower und erhalten sie kurze und knackige Beitr\u00e4ge. Dabei nat\u00fcrlich unsere Blogbeitr\u00e4ge, aber auch abwechslungsreiche Tweets aus unserem Netzwerk.<\/p>\n<p>webZunder Twitter Konto<\/p>\n<\/div><div class=\"fusion-clearfix\"><\/div><\/div><\/div><div class=\"fusion-layout-column fusion_builder_column fusion-builder-column-3 fusion_builder_column_1_2 1_2 fusion-one-half fusion-column-last\" style=\"--awb-bg-size:cover;width:48%;\"><div class=\"fusion-column-wrapper fusion-flex-column-wrapper-legacy\"><div class=\"fusion-title title fusion-title-4 fusion-sep-none fusion-title-text fusion-title-size-two\" style=\"--awb-margin-top-small:0px;--awb-margin-right-small:0px;--awb-margin-bottom-small:20px;--awb-margin-left-small:0px;\"><h2 class=\"fusion-title-heading title-heading-left fusion-responsive-typography-calculated\" style=\"margin:0;--fontSize:30;line-height:1.4;\">Instagram<\/h2><\/div><div class=\"fusion-text fusion-text-4\"><p>Wenn wir schicke Bilder knipsen, dann erscheinen diese auf Instagram. Wir haben gerade erst damit begonnen.<\/p>\n<p><a href=\"\/\/instagram.com\/webzunder\" target=\"_blank\" rel=\"noopener\">webZunder auf Instagram<\/a><\/p>\n<\/div><div class=\"fusion-clearfix\"><\/div><\/div><\/div><\/div><\/div>\n","protected":false},"excerpt":{"rendered":"","protected":false},"author":1,"featured_media":11487,"parent":0,"menu_order":0,"comment_status":"closed","ping_status":"closed","template":"","meta":{"footnotes":""},"class_list":["post-11473","page","type-page","status-publish","has-post-thumbnail","hentry"],"_links":{"self":[{"href":"https:\/\/www.webzunder.com\/de\/wp-json\/wp\/v2\/pages\/11473","targetHints":{"allow":["GET"]}}],"collection":[{"href":"https:\/\/www.webzunder.com\/de\/wp-json\/wp\/v2\/pages"}],"about":[{"href":"https:\/\/www.webzunder.com\/de\/wp-json\/wp\/v2\/types\/page"}],"author":[{"embeddable":true,"href":"https:\/\/www.webzunder.com\/de\/wp-json\/wp\/v2\/users\/1"}],"replies":[{"embeddable":true,"href":"https:\/\/www.webzunder.com\/de\/wp-json\/wp\/v2\/comments?post=11473"}],"version-history":[{"count":1,"href":"https:\/\/www.webzunder.com\/de\/wp-json\/wp\/v2\/pages\/11473\/revisions"}],"predecessor-version":[{"id":15758,"href":"https:\/\/www.webzunder.com\/de\/wp-json\/wp\/v2\/pages\/11473\/revisions\/15758"}],"wp:featuredmedia":[{"embeddable":true,"href":"https:\/\/www.webzunder.com\/de\/wp-json\/wp\/v2\/media\/11487"}],"wp:attachment":[{"href":"https:\/\/www.webzunder.com\/de\/wp-json\/wp\/v2\/media?parent=11473"}],"curies":[{"name":"wp","href":"https:\/\/api.w.org\/{rel}","templated":true}]}}