{"id":11494,"date":"2017-11-13T21:39:41","date_gmt":"2017-11-13T20:39:41","guid":{"rendered":"https:\/\/www.webzunder.com\/?page_id=11494"},"modified":"2019-04-01T11:45:55","modified_gmt":"2019-04-01T09:45:55","slug":"partner","status":"publish","type":"page","link":"https:\/\/www.webzunder.com\/de\/partner\/","title":{"rendered":"Werden Sie Partner von webZunder!"},"content":{"rendered":"<p><div class=\"fusion-fullwidth fullwidth-box fusion-builder-row-1 nonhundred-percent-fullwidth non-hundred-percent-height-scrolling\" style=\"--awb-border-radius-top-left:0px;--awb-border-radius-top-right:0px;--awb-border-radius-bottom-right:0px;--awb-border-radius-bottom-left:0px;--awb-padding-top:20px;--awb-flex-wrap:wrap;\" ><div class=\"fusion-builder-row fusion-row\"><div class=\"fusion-layout-column fusion_builder_column fusion-builder-column-0 fusion_builder_column_1_1 1_1 fusion-one-full fusion-column-first fusion-column-last\" style=\"--awb-bg-size:cover;\"><div class=\"fusion-column-wrapper fusion-flex-column-wrapper-legacy\"><div class=\"fusion-text fusion-text-1\"><p><span style=\"font-weight: 400;\">Unsere Mission ist es, Unternehmen beim Start in Sachen Social Media-Marketing zu unterst\u00fctzen. Dabei wollen wir bei der Umsetzung individueller Ziele helfen &#8211; sei es die Gesch\u00e4ftsentwicklung, das Finden neuer Mitarbeiter oder Imagepflege.<\/span><\/p>\n<p><span style=\"font-weight: 400;\">Wir w\u00fcrden Sie gerne als Partner gewinnen, um Ihre Kunden in die Welt des Social Media-Marketings einzuf\u00fchren. Dank webZunder haben Ihre Kunden mehr Zeit f\u00fcr das, was wirklich wichtig ist. Zus\u00e4tzlich bietet unser Tool Nutzern die M\u00f6glichkeit, durch Neuigkeiten aus der Branche auf dem Laufenden zu bleiben und sich an Konversationen zu beteiligen.<\/span><\/p>\n<\/div><div class=\"fusion-clearfix\"><\/div><\/div><\/div><\/div><\/div><div class=\"fusion-fullwidth fullwidth-box fusion-builder-row-2 nonhundred-percent-fullwidth non-hundred-percent-height-scrolling\" style=\"--awb-border-radius-top-left:0px;--awb-border-radius-top-right:0px;--awb-border-radius-bottom-right:0px;--awb-border-radius-bottom-left:0px;--awb-padding-top:20px;--awb-padding-bottom:20px;--awb-flex-wrap:wrap;\" ><div class=\"fusion-builder-row fusion-row\"><div class=\"fusion-layout-column fusion_builder_column fusion-builder-column-1 fusion_builder_column_1_2 1_2 fusion-one-half fusion-column-first\" style=\"--awb-bg-size:cover;width:50%;width:calc(50% - ( ( 4% ) * 0.5 ) );margin-right: 4%;\"><div class=\"fusion-column-wrapper fusion-flex-column-wrapper-legacy\"><div class=\"fusion-text fusion-text-2\"><h2>Was haben Sie davon?<\/h2>\n<ul>\n<li>Erweitern Sie Ihr Leistungsportfolio mit unseren Reseller- und\/ oder Empfehlungs-Programmen, um mehr potentielle Kunden zu gewinnen<\/li>\n<li>Seien Sie Teil des Kundenlebenszyklus im Bereich Social Media &#8211; von der Einrichtung bis zur Entwicklung erfolgreicher Social Media-Kampagnen. Sichern Sie sich so auf lange Sicht mehr Umsatz pro Kunde.<\/li>\n<li>Konzentrieren Sie sich auf die Strategieentwicklung und das Coaching Ihres Klienten. Wir unterst\u00fctzen Sie dabei mit Social Media-Kompetenz, Inhalten und technischem Know-how.<\/li>\n<\/ul>\n<\/div><div class=\"fusion-clearfix\"><\/div><\/div><\/div><div class=\"fusion-layout-column fusion_builder_column fusion-builder-column-2 fusion_builder_column_1_2 1_2 fusion-one-half fusion-column-last\" style=\"--awb-bg-size:cover;width:50%;width:calc(50% - ( ( 4% ) * 0.5 ) );\"><div class=\"fusion-column-wrapper fusion-flex-column-wrapper-legacy\"><div class=\"fusion-image-element fusion-image-align-center in-legacy-container\" style=\"text-align:center;--awb-caption-title-font-family:var(--h2_typography-font-family);--awb-caption-title-font-weight:var(--h2_typography-font-weight);--awb-caption-title-font-style:var(--h2_typography-font-style);--awb-caption-title-size:var(--h2_typography-font-size);--awb-caption-title-transform:var(--h2_typography-text-transform);--awb-caption-title-line-height:var(--h2_typography-line-height);--awb-caption-title-letter-spacing:var(--h2_typography-letter-spacing);\"><div class=\"imageframe-align-center\"><span class=\" fusion-imageframe imageframe-none imageframe-1 hover-type-none\"><img decoding=\"async\" width=\"800\" height=\"800\" title=\"2\" src=\"https:\/\/www.webzunder.com\/wp-content\/uploads\/2016\/04\/2-1.png\" data-orig-src=\"https:\/\/www.webzunder.com\/wp-content\/uploads\/2016\/04\/2-1.png\" alt class=\"lazyload img-responsive wp-image-7686\" srcset=\"data:image\/svg+xml,%3Csvg%20xmlns%3D%27http%3A%2F%2Fwww.w3.org%2F2000%2Fsvg%27%20width%3D%27800%27%20height%3D%27800%27%20viewBox%3D%270%200%20800%20800%27%3E%3Crect%20width%3D%27800%27%20height%3D%27800%27%20fill-opacity%3D%220%22%2F%3E%3C%2Fsvg%3E\" data-srcset=\"https:\/\/www.webzunder.com\/wp-content\/uploads\/2016\/04\/2-1-200x200.png 200w, https:\/\/www.webzunder.com\/wp-content\/uploads\/2016\/04\/2-1-400x400.png 400w, https:\/\/www.webzunder.com\/wp-content\/uploads\/2016\/04\/2-1-600x600.png 600w, https:\/\/www.webzunder.com\/wp-content\/uploads\/2016\/04\/2-1.png 800w\" data-sizes=\"auto\" data-orig-sizes=\"(max-width: 800px) 100vw, 600px\" \/><\/span><\/div><\/div><div class=\"fusion-clearfix\"><\/div><\/div><\/div><\/div><\/div><div class=\"fusion-fullwidth fullwidth-box fusion-builder-row-3 nonhundred-percent-fullwidth non-hundred-percent-height-scrolling\" style=\"--awb-border-radius-top-left:0px;--awb-border-radius-top-right:0px;--awb-border-radius-bottom-right:0px;--awb-border-radius-bottom-left:0px;--awb-padding-bottom:20px;--awb-flex-wrap:wrap;\" ><div class=\"fusion-builder-row fusion-row\"><div class=\"fusion-layout-column fusion_builder_column fusion-builder-column-3 fusion_builder_column_1_2 1_2 fusion-one-half fusion-column-first\" style=\"--awb-bg-size:cover;width:50%;width:calc(50% - ( ( 4% ) * 0.5 ) );margin-right: 4%;\"><div class=\"fusion-column-wrapper fusion-flex-column-wrapper-legacy\"><div class=\"fusion-title title fusion-title-1 fusion-sep-none fusion-title-text fusion-title-size-one\" style=\"--awb-margin-top-small:0px;--awb-margin-right-small:0px;--awb-margin-bottom-small:20px;--awb-margin-left-small:0px;\"><h1 class=\"fusion-title-heading title-heading-left fusion-responsive-typography-calculated\" style=\"margin:0;--fontSize:34;line-height:1.4;\"><h2>Was wir Ihnen bieten:<\/h2><\/h1><\/div><div class=\"fusion-text fusion-text-3\"><ul>\n<li>Unser Social Media-Management-Tool webZunder. Es erm\u00f6glicht klein- und mittelst\u00e4ndischen Unternehmen ohne gro\u00dfen Aufwand \u00fcber Facebook, Twitter, Xing, LinkedIn und WordPress mit Kunden und Interessenten zu kommunizieren.<\/li>\n<li>Erweiterte Unternehmensl\u00f6sungen f\u00fcr Firmennetzwerke wie Franchisepartner und Vertriebskan\u00e4le.<\/li>\n<li>Eine Vielzahl an Wettbewerbsvorteilen, einschlie\u00dflich einer White-Label-Version, die auf einer bestimmten Anzahl von Kunden basiert.<\/li>\n<\/ul>\n<\/div><div class=\"fusion-text fusion-text-4\"><h2><span style=\"font-weight: 400;\">Wir w\u00fcrden uns freuen mit Partnern aus den folgenden Bereichen zusammenzuarbeiten:<\/span><\/h2>\n<ul>\n<li style=\"font-weight: 400;\"><span style=\"font-weight: 400;\">Web- und Kreativagenturen<\/span><\/li>\n<li style=\"font-weight: 400;\"><span style=\"font-weight: 400;\">PR- und Kommunikationsagenturen<\/span><\/li>\n<li style=\"font-weight: 400;\"><span style=\"font-weight: 400;\">Marketing- und Vertriebsexperten mit Know-how in spezifischen M\u00e4rkten und Branchen<\/span><\/li>\n<li style=\"font-weight: 400;\"><span style=\"font-weight: 400;\">Reseller<\/span><\/li>\n<li style=\"font-weight: 400;\"><span style=\"font-weight: 400;\">Webdesigner und -entwickler<\/span><\/li>\n<li style=\"font-weight: 400;\"><span style=\"font-weight: 400;\">WordPress-Hosting-Anbieter<\/span><\/li>\n<\/ul>\n<\/div><div class=\"fusion-clearfix\"><\/div><\/div><\/div><div class=\"fusion-layout-column fusion_builder_column fusion-builder-column-4 fusion_builder_column_1_2 1_2 fusion-one-half fusion-column-last\" style=\"--awb-bg-size:cover;width:50%;width:calc(50% - ( ( 4% ) * 0.5 ) );\"><div class=\"fusion-column-wrapper fusion-flex-column-wrapper-legacy\"><div class=\"fusion-title title fusion-title-2 fusion-sep-none fusion-title-text fusion-title-size-one\" style=\"--awb-margin-top-small:0px;--awb-margin-right-small:0px;--awb-margin-bottom-small:20px;--awb-margin-left-small:0px;\"><h1 class=\"fusion-title-heading title-heading-left fusion-responsive-typography-calculated\" style=\"margin:0;--fontSize:34;line-height:1.4;\"><h2>Erhalten Sie mehr Informationen:<\/h2><\/h1><\/div><!--[borlabs-exclude-start]-->\n<script type=\"text\/javascript\" src=\"https:\/\/ma.webzunder.com\/form\/generate.js?id=48\"><\/script>\n<!--[borlabs-exclude-end]--><div class=\"fusion-clearfix\"><\/div><\/div><\/div><\/div><\/div><\/p>\n","protected":false},"excerpt":{"rendered":"","protected":false},"author":1,"featured_media":0,"parent":0,"menu_order":0,"comment_status":"closed","ping_status":"closed","template":"","meta":{"footnotes":""},"class_list":["post-11494","page","type-page","status-publish","hentry"],"_links":{"self":[{"href":"https:\/\/www.webzunder.com\/de\/wp-json\/wp\/v2\/pages\/11494","targetHints":{"allow":["GET"]}}],"collection":[{"href":"https:\/\/www.webzunder.com\/de\/wp-json\/wp\/v2\/pages"}],"about":[{"href":"https:\/\/www.webzunder.com\/de\/wp-json\/wp\/v2\/types\/page"}],"author":[{"embeddable":true,"href":"https:\/\/www.webzunder.com\/de\/wp-json\/wp\/v2\/users\/1"}],"replies":[{"embeddable":true,"href":"https:\/\/www.webzunder.com\/de\/wp-json\/wp\/v2\/comments?post=11494"}],"version-history":[{"count":0,"href":"https:\/\/www.webzunder.com\/de\/wp-json\/wp\/v2\/pages\/11494\/revisions"}],"wp:attachment":[{"href":"https:\/\/www.webzunder.com\/de\/wp-json\/wp\/v2\/media?parent=11494"}],"curies":[{"name":"wp","href":"https:\/\/api.w.org\/{rel}","templated":true}]}}