{"id":12916,"date":"2018-11-13T17:33:48","date_gmt":"2018-11-13T16:33:48","guid":{"rendered":"https:\/\/www.webzunder.com\/?page_id=12916"},"modified":"2018-11-15T10:59:42","modified_gmt":"2018-11-15T09:59:42","slug":"gruenderwoche-seminar","status":"publish","type":"page","link":"https:\/\/www.webzunder.com\/de\/gruenderwoche-seminar\/","title":{"rendered":"Seminar: Daten\u201esalat\u201c und noch viel mehr \u2013 Zutaten bei einer Gr\u00fcndung"},"content":{"rendered":"<div class=\"fusion-fullwidth fullwidth-box fusion-builder-row-1 nonhundred-percent-fullwidth non-hundred-percent-height-scrolling\" style=\"--awb-border-radius-top-left:0px;--awb-border-radius-top-right:0px;--awb-border-radius-bottom-right:0px;--awb-border-radius-bottom-left:0px;--awb-flex-wrap:wrap;\" ><div class=\"fusion-builder-row fusion-row\"><div class=\"fusion-layout-column fusion_builder_column fusion-builder-column-0 fusion_builder_column_1_2 1_2 fusion-one-half fusion-column-first\" style=\"--awb-padding-right:5%;--awb-bg-size:cover;width:50%;width:calc(50% - ( ( 4% ) * 0.5 ) );margin-right: 4%;\"><div class=\"fusion-column-wrapper fusion-flex-column-wrapper-legacy\"><div class=\"fusion-title title fusion-title-1 fusion-sep-none fusion-title-text fusion-title-size-three\" style=\"--awb-margin-top-small:0px;--awb-margin-right-small:0px;--awb-margin-bottom-small:20px;--awb-margin-left-small:0px;\"><h3 class=\"fusion-title-heading title-heading-left fusion-responsive-typography-calculated\" style=\"margin:0;--fontSize:26;line-height:1.4;\">Vielen Dank f\u00fcr Ihre Teilnahme<\/h3><\/div><div class=\"fusion-text fusion-text-1\"><p style=\"text-align: left;\">Vielen Dank, dass Sie an dem Seminar\u00a0<strong>Daten\u201esalat\u201c und noch viel mehr \u2013 Zutaten bei einer Gr\u00fcndung\u00a0<\/strong>teilgenommen haben. Gerne schicken wir Ihnen weitere Informationen \u00fcber das Seminar, webZunder Fremium und regelm\u00e4\u00dfige Neuigkeiten zu.<\/p>\n<\/div><div class=\"fusion-sep-clear\"><\/div><div class=\"fusion-separator fusion-full-width-sep\" style=\"margin-left: auto;margin-right: auto;margin-top:1%;width:100%;\"><\/div><div class=\"fusion-sep-clear\"><\/div><div class=\"fusion-text fusion-text-2\"><p><strong>Sie erhalten folgende Informationen:<\/strong><\/p>\n<\/div><ul style=\"--awb-size:18px;--awb-iconcolor:#eea642;--awb-line-height:30.6px;--awb-icon-width:30.6px;--awb-icon-height:30.6px;--awb-icon-margin:12.6px;--awb-content-margin:43.2px;\" class=\"fusion-checklist fusion-checklist-1 fusion-checklist-default type-icons\"><li class=\"fusion-li-item\" style=\"\"><span class=\"icon-wrapper circle-no\"><i class=\"fusion-li-icon fa-check-circle fas\" aria-hidden=\"true\"><\/i><\/span><div class=\"fusion-li-item-content\">\n<p>Pr\u00e4sentation des heutigen Seminars<\/p>\n<\/div><\/li><li class=\"fusion-li-item\" style=\"\"><span class=\"icon-wrapper circle-no\"><i class=\"fusion-li-icon fa-check-circle fas\" aria-hidden=\"true\"><\/i><\/span><div class=\"fusion-li-item-content\">\n<p>Einladung zu webZunder Freemium<\/p>\n<\/div><\/li><li class=\"fusion-li-item\" style=\"\"><span class=\"icon-wrapper circle-no\"><i class=\"fusion-li-icon fa-check-circle fas\" aria-hidden=\"true\"><\/i><\/span><div class=\"fusion-li-item-content\">\n<p>Regelm\u00e4\u00dfige Neuigkeiten und hilfreiche Tipps<\/p>\n<\/div><\/li><\/ul><div class=\"fusion-text fusion-text-3\"><p>Bitte tragen Sie sich in unserem Kontaktformular ein, wenn Sie unsere Informationen w\u00fcnschen. Wir freuen uns, mit Ihnen in Kontakt zu bleiben.<\/p>\n<\/div><div class=\"fusion-clearfix\"><\/div><\/div><\/div><div class=\"fusion-layout-column fusion_builder_column fusion-builder-column-1 fusion_builder_column_1_2 1_2 fusion-one-half fusion-column-last\" style=\"--awb-bg-size:cover;width:50%;width:calc(50% - ( ( 4% ) * 0.5 ) );\"><div class=\"fusion-column-wrapper fusion-flex-column-wrapper-legacy\"><div class=\"fusion-title title fusion-title-2 fusion-sep-none fusion-title-text fusion-title-size-three\" style=\"--awb-margin-top-small:0px;--awb-margin-right-small:0px;--awb-margin-bottom-small:20px;--awb-margin-left-small:0px;\"><h3 class=\"fusion-title-heading title-heading-left fusion-responsive-typography-calculated\" style=\"margin:0;--fontSize:26;line-height:1.4;\">Jetzt weitere Informationen anfordern<\/h3><\/div><!--[borlabs-exclude-start]-->\n<script type=\"text\/javascript\" src=\"\/\/ma.webzunder.com\/form\/generate.js?id=77\"><\/script>\n<!--[borlabs-exclude-end]--><div class=\"fusion-clearfix\"><\/div><\/div><\/div><\/div><\/div>\n","protected":false},"excerpt":{"rendered":"","protected":false},"author":44,"featured_media":0,"parent":0,"menu_order":0,"comment_status":"closed","ping_status":"closed","template":"","meta":{"footnotes":""},"class_list":["post-12916","page","type-page","status-publish","hentry"],"_links":{"self":[{"href":"https:\/\/www.webzunder.com\/de\/wp-json\/wp\/v2\/pages\/12916","targetHints":{"allow":["GET"]}}],"collection":[{"href":"https:\/\/www.webzunder.com\/de\/wp-json\/wp\/v2\/pages"}],"about":[{"href":"https:\/\/www.webzunder.com\/de\/wp-json\/wp\/v2\/types\/page"}],"author":[{"embeddable":true,"href":"https:\/\/www.webzunder.com\/de\/wp-json\/wp\/v2\/users\/44"}],"replies":[{"embeddable":true,"href":"https:\/\/www.webzunder.com\/de\/wp-json\/wp\/v2\/comments?post=12916"}],"version-history":[{"count":0,"href":"https:\/\/www.webzunder.com\/de\/wp-json\/wp\/v2\/pages\/12916\/revisions"}],"wp:attachment":[{"href":"https:\/\/www.webzunder.com\/de\/wp-json\/wp\/v2\/media?parent=12916"}],"curies":[{"name":"wp","href":"https:\/\/api.w.org\/{rel}","templated":true}]}}