{"id":20,"date":"2016-02-10T04:56:45","date_gmt":"2016-02-10T03:56:45","guid":{"rendered":"http:\/\/webzunder.pionerds.land\/?page_id=20"},"modified":"2016-02-10T04:56:45","modified_gmt":"2016-02-10T03:56:45","slug":"team","status":"publish","type":"page","link":"https:\/\/www.webzunder.com\/de\/team\/","title":{"rendered":"\u00dcber uns"},"content":{"rendered":"<p><div id=\"idee\" class=\"fusion-container-anchor\"><div class=\"fusion-fullwidth fullwidth-box fusion-builder-row-1 nonhundred-percent-fullwidth non-hundred-percent-height-scrolling\" style=\"--awb-background-position:left top;--awb-border-radius-top-left:0px;--awb-border-radius-top-right:0px;--awb-border-radius-bottom-right:0px;--awb-border-radius-bottom-left:0px;--awb-padding-top:70px;--awb-padding-bottom:100px;--awb-background-color:#ffffff;--awb-border-sizes-top:0px;--awb-border-sizes-bottom:0px;--awb-flex-wrap:wrap;\" id=\"tour-a\" ><div class=\"fusion-builder-row fusion-row\"><div class=\"fusion-layout-column fusion_builder_column fusion-builder-column-0 fusion_builder_column_1_1 1_1 fusion-one-full fusion-column-first fusion-column-last fusion-column-no-min-height\" style=\"--awb-bg-size:cover;--awb-margin-bottom:0px;\"><div class=\"fusion-column-wrapper fusion-flex-column-wrapper-legacy\"><div class=\"fusion-text fusion-text-1\"><h2 style=\"text-align: center\">Die webZunder-Mission<\/h2>\n<\/div><div class=\"fusion-sep-clear\"><\/div><div class=\"fusion-separator\" style=\"margin-left: auto;margin-right: auto;margin-bottom:40px;width:100%;max-width:75%;\"><div class=\"fusion-separator-border sep-single sep-dotted\" style=\"--awb-height:20px;--awb-amount:20px;--awb-sep-color:#a9b2c0;border-color:#a9b2c0;border-top-width:1px;\"><\/div><\/div><div class=\"fusion-sep-clear\"><\/div><div class=\"fusion-clearfix\"><\/div><\/div><\/div><div class=\"fusion-layout-column fusion_builder_column fusion-builder-column-1 fusion_builder_column_1_2 1_2 fusion-one-half fusion-column-first\" style=\"--awb-bg-size:cover;width:48%; margin-right: 4%;\"><div class=\"fusion-column-wrapper fusion-flex-column-wrapper-legacy\"><div class=\"fusion-text fusion-text-2\"><p>Wir von webZunder entwickeln\u00a0<strong>schlanke, praxisnahe Social Media-Werkzeuge<\/strong> f\u00fcr kleine und mittelst\u00e4ndische Unternehmen. Unser Fokus liegt auf der einfachen Bedienung im Alltag \u2013 deshalb vermeiden wir Featureschlachten mit Funktionen, Einstellungen und Reportings, die in der Regel nur gro\u00dfe Werbeagenturen oder Konzerne ben\u00f6tigen.<\/p>\n<\/div><div class=\"fusion-clearfix\"><\/div><\/div><\/div><div class=\"fusion-layout-column fusion_builder_column fusion-builder-column-2 fusion_builder_column_1_2 1_2 fusion-one-half fusion-column-last\" style=\"--awb-bg-size:cover;width:48%;\"><div class=\"fusion-column-wrapper fusion-flex-column-wrapper-legacy\"><div class=\"fusion-text fusion-text-3\"><p>Unsere Mission lautet: Wir wollen ein komplexes Thema wie das Social Media-Management einfach machen und auf die wesentlichen Schritte herunterbrechen. Das Ergebnis hei\u00dft webZunder: Mit diesem Social Media-Management-Tool k\u00f6nnen sich Unternehmen schnell und unkompliziert mit Kunden, Interessenten und Gesch\u00e4ftspartnern vernetzen \u2013 und sich sympathisch und kompetent in den sozialen Netzwerken positionieren.<\/p>\n<\/div><div class=\"fusion-clearfix\"><\/div><\/div><\/div><div class=\"fusion-layout-column fusion_builder_column fusion-builder-column-3 fusion_builder_column_1_1 1_1 fusion-one-full fusion-column-first fusion-column-last\" style=\"--awb-bg-size:cover;\"><div class=\"fusion-column-wrapper fusion-flex-column-wrapper-legacy\"><div class=\"fusion-text fusion-text-4\"><p>Hinter webZunder steckt das Unternehmen twentyZen GmbH mit Standorten in M\u00fcnchen und Dresden.<\/p>\n<\/div><div class=\"fusion-clearfix\"><\/div><\/div><\/div><\/div><\/div><\/div><div class=\"fusion-fullwidth fullwidth-box fusion-builder-row-2 nonhundred-percent-fullwidth non-hundred-percent-height-scrolling\" style=\"--awb-background-position:left top;--awb-border-radius-top-left:0px;--awb-border-radius-top-right:0px;--awb-border-radius-bottom-right:0px;--awb-border-radius-bottom-left:0px;--awb-padding-top:70px;--awb-padding-bottom:100px;--awb-background-color:#f0f0f0;--awb-border-sizes-top:0px;--awb-border-sizes-bottom:0px;--awb-flex-wrap:wrap;\" id=\"tour-b\" ><div class=\"fusion-builder-row fusion-row\"><div class=\"fusion-layout-column fusion_builder_column fusion-builder-column-4 fusion_builder_column_1_1 1_1 fusion-one-full fusion-column-first fusion-column-last fusion-column-no-min-height\" style=\"--awb-bg-size:cover;--awb-margin-bottom:0px;\"><div class=\"fusion-column-wrapper fusion-flex-column-wrapper-legacy\"><div class=\"fusion-text fusion-text-5\"><h2 style=\"text-align: center\">Die K\u00f6pfe hinter webZunder<\/h2>\n<\/div><div class=\"fusion-sep-clear\"><\/div><div class=\"fusion-separator\" style=\"margin-left: auto;margin-right: auto;margin-bottom:80px;width:100%;max-width:75%;\"><div class=\"fusion-separator-border sep-single sep-dotted\" style=\"--awb-height:20px;--awb-amount:20px;--awb-sep-color:#a9b2c0;border-color:#a9b2c0;border-top-width:1px;\"><\/div><\/div><div class=\"fusion-sep-clear\"><\/div><div class=\"fusion-clearfix\"><\/div><\/div><\/div><\/div><\/div><div id=\"dirk-spannaus\" class=\"fusion-container-anchor\"><div class=\"fusion-fullwidth fullwidth-box fusion-builder-row-3 nonhundred-percent-fullwidth non-hundred-percent-height-scrolling\" style=\"--awb-background-position:left top;--awb-border-radius-top-left:0px;--awb-border-radius-top-right:0px;--awb-border-radius-bottom-right:0px;--awb-border-radius-bottom-left:0px;--awb-padding-top:70px;--awb-padding-bottom:100px;--awb-background-color:#f0f0f0;--awb-border-sizes-top:0px;--awb-border-sizes-bottom:0px;--awb-flex-wrap:wrap;\" id=\"tour-b\" ><div class=\"fusion-builder-row fusion-row\"><div class=\"fusion-layout-column fusion_builder_column fusion-builder-column-5 fusion_builder_column_1_2 1_2 fusion-one-half fusion-column-first\" style=\"--awb-bg-size:cover;width:48%; margin-right: 4%;\"><div class=\"fusion-column-wrapper fusion-flex-column-wrapper-legacy\"><div class=\"fusion-title title fusion-title-1 fusion-sep-none fusion-title-text fusion-title-size-three\" style=\"--awb-margin-bottom:0.5em;--awb-margin-top-small:0px;--awb-margin-right-small:0px;--awb-margin-bottom-small:20px;--awb-margin-left-small:0px;\"><h3 class=\"fusion-title-heading title-heading-left fusion-responsive-typography-calculated\" style=\"margin:0;--fontSize:26;line-height:1.4;\">Dirk Spannaus<\/h3><\/div><div class=\"fusion-text fusion-text-6\"><p>Dirk Spannaus ist gesch\u00e4ftsf\u00fchrender Gesellschafter: Der Wirtschaftsinformatiker arbeitete viele Jahre f\u00fcr IBM Deutschland und sammelte dort umfangreiche Erfahrungen mit aufwendigen digitalen Prozessen. Heute besch\u00e4ftigt er sich leidenschaftlich mit allen Aspekten von Social Media, der Online-Kommunikation, der Digitalisierung von Gesch\u00e4ftsprozessen und dem Internet der Dinge und Services. Au\u00dferdem ist Dirk Mitbegr\u00fcnder des MobileCamp Dresden e.V.<\/p>\n<\/div><div class=\"fusion-clearfix\"><\/div><\/div><\/div><div class=\"fusion-layout-column fusion_builder_column fusion-builder-column-6 fusion_builder_column_1_2 1_2 fusion-one-half fusion-column-last\" style=\"--awb-bg-size:cover;width:48%;\"><div class=\"fusion-column-wrapper fusion-flex-column-wrapper-legacy\"><div class=\"fusion-image-element fusion-image-align-center in-legacy-container\" style=\"text-align:center;--awb-caption-title-font-family:var(--h2_typography-font-family);--awb-caption-title-font-weight:var(--h2_typography-font-weight);--awb-caption-title-font-style:var(--h2_typography-font-style);--awb-caption-title-size:var(--h2_typography-font-size);--awb-caption-title-transform:var(--h2_typography-text-transform);--awb-caption-title-line-height:var(--h2_typography-line-height);--awb-caption-title-letter-spacing:var(--h2_typography-letter-spacing);\"><div class=\"imageframe-align-center\"><span class=\" fusion-imageframe imageframe-none imageframe-1 hover-type-none\"><img decoding=\"async\" width=\"800\" height=\"640\" alt=\"Portr\u00e4tfoto des gesch\u00e4ftsf\u00fchrenden Gesellschafters von webZunder Dirk Spannaus\" title=\"ds\" src=\"https:\/\/www.webzunder.com\/wp-content\/uploads\/2016\/04\/webzunder_dirk-spannaus.jpg\" data-orig-src=\"https:\/\/www.webzunder.com\/wp-content\/uploads\/2016\/04\/webzunder_dirk-spannaus.jpg\" class=\"lazyload img-responsive wp-image-1102\" srcset=\"data:image\/svg+xml,%3Csvg%20xmlns%3D%27http%3A%2F%2Fwww.w3.org%2F2000%2Fsvg%27%20width%3D%27800%27%20height%3D%27640%27%20viewBox%3D%270%200%20800%20640%27%3E%3Crect%20width%3D%27800%27%20height%3D%27640%27%20fill-opacity%3D%220%22%2F%3E%3C%2Fsvg%3E\" data-srcset=\"https:\/\/www.webzunder.com\/wp-content\/uploads\/2016\/04\/webzunder_dirk-spannaus-200x160.jpg 200w, https:\/\/www.webzunder.com\/wp-content\/uploads\/2016\/04\/webzunder_dirk-spannaus-400x320.jpg 400w, https:\/\/www.webzunder.com\/wp-content\/uploads\/2016\/04\/webzunder_dirk-spannaus-600x480.jpg 600w, https:\/\/www.webzunder.com\/wp-content\/uploads\/2016\/04\/webzunder_dirk-spannaus.jpg 800w\" data-sizes=\"auto\" data-orig-sizes=\"(max-width: 800px) 100vw, 600px\" \/><\/span><\/div><\/div><div class=\"fusion-clearfix\"><\/div><\/div><\/div><\/div><\/div><\/div><div id=\"stefan-machleidt\" class=\"fusion-container-anchor\"><div class=\"fusion-fullwidth fullwidth-box fusion-builder-row-4 nonhundred-percent-fullwidth non-hundred-percent-height-scrolling\" style=\"--awb-background-position:left top;--awb-border-radius-top-left:0px;--awb-border-radius-top-right:0px;--awb-border-radius-bottom-right:0px;--awb-border-radius-bottom-left:0px;--awb-padding-top:70px;--awb-padding-bottom:100px;--awb-background-color:#ffffff;--awb-border-sizes-top:0px;--awb-border-sizes-bottom:0px;--awb-flex-wrap:wrap;\" id=\"tour-c\" ><div class=\"fusion-builder-row fusion-row\"><div class=\"fusion-layout-column fusion_builder_column fusion-builder-column-7 fusion_builder_column_1_2 1_2 fusion-one-half fusion-column-first\" style=\"--awb-bg-size:cover;width:48%; margin-right: 4%;\"><div class=\"fusion-column-wrapper fusion-flex-column-wrapper-legacy\"><div class=\"fusion-image-element fusion-image-align-center in-legacy-container\" style=\"text-align:center;--awb-caption-title-font-family:var(--h2_typography-font-family);--awb-caption-title-font-weight:var(--h2_typography-font-weight);--awb-caption-title-font-style:var(--h2_typography-font-style);--awb-caption-title-size:var(--h2_typography-font-size);--awb-caption-title-transform:var(--h2_typography-text-transform);--awb-caption-title-line-height:var(--h2_typography-line-height);--awb-caption-title-letter-spacing:var(--h2_typography-letter-spacing);\"><div class=\"imageframe-align-center\"><span class=\" fusion-imageframe imageframe-none imageframe-2 hover-type-none\"><img decoding=\"async\" width=\"800\" height=\"640\" alt=\"Portr\u00e4tfoto des gesch\u00e4ftsf\u00fchrenden Gesellschafters von webZunder Stefan Machleidt\" title=\"sm\" src=\"https:\/\/www.webzunder.com\/wp-content\/uploads\/2016\/04\/webzunder_stefan-machleidt.jpg\" data-orig-src=\"https:\/\/www.webzunder.com\/wp-content\/uploads\/2016\/04\/webzunder_stefan-machleidt.jpg\" class=\"lazyload img-responsive wp-image-1103\" srcset=\"data:image\/svg+xml,%3Csvg%20xmlns%3D%27http%3A%2F%2Fwww.w3.org%2F2000%2Fsvg%27%20width%3D%27800%27%20height%3D%27640%27%20viewBox%3D%270%200%20800%20640%27%3E%3Crect%20width%3D%27800%27%20height%3D%27640%27%20fill-opacity%3D%220%22%2F%3E%3C%2Fsvg%3E\" data-srcset=\"https:\/\/www.webzunder.com\/wp-content\/uploads\/2016\/04\/webzunder_stefan-machleidt-200x160.jpg 200w, https:\/\/www.webzunder.com\/wp-content\/uploads\/2016\/04\/webzunder_stefan-machleidt-400x320.jpg 400w, https:\/\/www.webzunder.com\/wp-content\/uploads\/2016\/04\/webzunder_stefan-machleidt-600x480.jpg 600w, https:\/\/www.webzunder.com\/wp-content\/uploads\/2016\/04\/webzunder_stefan-machleidt.jpg 800w\" data-sizes=\"auto\" data-orig-sizes=\"(max-width: 800px) 100vw, 600px\" \/><\/span><\/div><\/div><div class=\"fusion-clearfix\"><\/div><\/div><\/div><div class=\"fusion-layout-column fusion_builder_column fusion-builder-column-8 fusion_builder_column_1_2 1_2 fusion-one-half fusion-column-last\" style=\"--awb-bg-size:cover;width:48%;\"><div class=\"fusion-column-wrapper fusion-flex-column-wrapper-legacy\"><div class=\"fusion-title title fusion-title-2 fusion-sep-none fusion-title-text fusion-title-size-three\" style=\"--awb-margin-bottom:0.5em;--awb-margin-top-small:0px;--awb-margin-right-small:0px;--awb-margin-bottom-small:20px;--awb-margin-left-small:0px;\"><h3 class=\"fusion-title-heading title-heading-left fusion-responsive-typography-calculated\" style=\"margin:0;--fontSize:26;line-height:1.4;\">Stefan Machleidt<\/h3><\/div><div class=\"fusion-text fusion-text-7\"><p>Der zweite gesch\u00e4ftsf\u00fchrende Gesellschafter Stefan Machleidt war schon in jungen Jahren digitaler Unternehmer: In seinen Projekten\u00a0besch\u00e4ftigt er sich mit den Bereichen Online-Kommunikation, IT-L\u00f6sungskonzeption und Software-Entwicklung. Schon w\u00e4hrend seines Informatikstudiums an der Technischen Universit\u00e4t M\u00fcnchen entwickelte\u00a0er federf\u00fchrend Webl\u00f6sungen und mobile Anwendungen f\u00fcr verschiedene Auftraggeber &#8211; bei webZunder verantwortet er die Software-Entwicklung.<\/p>\n<\/div><div class=\"fusion-clearfix\"><\/div><\/div><\/div><\/div><\/div><\/div><div class=\"fusion-fullwidth fullwidth-box fusion-builder-row-5 nonhundred-percent-fullwidth non-hundred-percent-height-scrolling\" style=\"--awb-background-position:left top;--awb-border-radius-top-left:0px;--awb-border-radius-top-right:0px;--awb-border-radius-bottom-right:0px;--awb-border-radius-bottom-left:0px;--awb-padding-top:60px;--awb-padding-bottom:40px;--awb-background-color:#f0f0f0;--awb-border-sizes-top:0px;--awb-border-sizes-bottom:0px;--awb-flex-wrap:wrap;\" ><div class=\"fusion-builder-row fusion-row\"><div class=\"fusion-layout-column fusion_builder_column fusion-builder-column-9 fusion_builder_column_1_5 1_5 fusion-one-fifth fusion-column-first\" style=\"--awb-bg-size:cover;width:16.8%; margin-right: 4%;\"><div class=\"fusion-column-wrapper fusion-flex-column-wrapper-legacy\"><div class=\"fusion-text fusion-text-8\"><p><a href=\"http:\/\/www.imittelstand.de\" target=\"_blank\" rel=\"nofollow\"><img decoding=\"async\" class=\"lazyload aligncenter size-medium wp-image-1150\" title=\"trust\" src=\"https:\/\/www.webzunder.com\/wp-content\/uploads\/2016\/04\/innovationspreis-it_2016_initiative-mittelstand-social-media-300x300.png\" data-orig-src=\"https:\/\/www.webzunder.com\/wp-content\/uploads\/2016\/04\/innovationspreis-it_2016_initiative-mittelstand-social-media-300x300.png\" alt=\"Signet des Innovationspreis-IT \" width=\"200\" height=\"200\" srcset=\"data:image\/svg+xml,%3Csvg%20xmlns%3D%27http%3A%2F%2Fwww.w3.org%2F2000%2Fsvg%27%20width%3D%27200%27%20height%3D%27200%27%20viewBox%3D%270%200%20200%20200%27%3E%3Crect%20width%3D%27200%27%20height%3D%27200%27%20fill-opacity%3D%220%22%2F%3E%3C%2Fsvg%3E\" data-srcset=\"https:\/\/www.webzunder.com\/wp-content\/uploads\/2016\/04\/innovationspreis-it_2016_initiative-mittelstand-social-media-66x66.png 66w, https:\/\/www.webzunder.com\/wp-content\/uploads\/2016\/04\/innovationspreis-it_2016_initiative-mittelstand-social-media-150x150.png 150w, https:\/\/www.webzunder.com\/wp-content\/uploads\/2016\/04\/innovationspreis-it_2016_initiative-mittelstand-social-media-200x200.png 200w, https:\/\/www.webzunder.com\/wp-content\/uploads\/2016\/04\/innovationspreis-it_2016_initiative-mittelstand-social-media-300x300.png 300w, https:\/\/www.webzunder.com\/wp-content\/uploads\/2016\/04\/innovationspreis-it_2016_initiative-mittelstand-social-media.png 400w\" data-sizes=\"auto\" data-orig-sizes=\"(max-width: 200px) 100vw, 200px\" \/><\/a><\/p>\n<\/div><div class=\"fusion-clearfix\"><\/div><\/div><\/div><div class=\"fusion-layout-column fusion_builder_column fusion-builder-column-10 fusion_builder_column_1_5 1_5 fusion-one-fifth\" style=\"--awb-bg-size:cover;width:16.8%; margin-right: 4%;\"><div class=\"fusion-column-wrapper fusion-flex-column-wrapper-legacy\"><div class=\"fusion-text fusion-text-9\"><p><a href=\"http:\/\/www.imittelstand.de\" target=\"_blank\" rel=\"nofollow\"><img decoding=\"async\" class=\"lazyload aligncenter size-medium wp-image-1159\" title=\"2015-web\" src=\"https:\/\/www.webzunder.com\/wp-content\/uploads\/2016\/04\/2015-web-300x300.png\" data-orig-src=\"https:\/\/www.webzunder.com\/wp-content\/uploads\/2016\/04\/2015-web-300x300.png\" alt=\"Signet des Innovationspreis-IT \" width=\"200\" height=\"200\" srcset=\"data:image\/svg+xml,%3Csvg%20xmlns%3D%27http%3A%2F%2Fwww.w3.org%2F2000%2Fsvg%27%20width%3D%27200%27%20height%3D%27200%27%20viewBox%3D%270%200%20200%20200%27%3E%3Crect%20width%3D%27200%27%20height%3D%27200%27%20fill-opacity%3D%220%22%2F%3E%3C%2Fsvg%3E\" data-srcset=\"https:\/\/www.webzunder.com\/wp-content\/uploads\/2016\/04\/2015-web-66x66.png 66w, https:\/\/www.webzunder.com\/wp-content\/uploads\/2016\/04\/2015-web-150x150.png 150w, https:\/\/www.webzunder.com\/wp-content\/uploads\/2016\/04\/2015-web-200x200.png 200w, https:\/\/www.webzunder.com\/wp-content\/uploads\/2016\/04\/2015-web-300x300.png 300w, https:\/\/www.webzunder.com\/wp-content\/uploads\/2016\/04\/2015-web-400x400.png 400w, https:\/\/www.webzunder.com\/wp-content\/uploads\/2016\/04\/2015-web-600x600.png 600w, https:\/\/www.webzunder.com\/wp-content\/uploads\/2016\/04\/2015-web-768x768.png 768w, https:\/\/www.webzunder.com\/wp-content\/uploads\/2016\/04\/2015-web.png 800w\" data-sizes=\"auto\" data-orig-sizes=\"(max-width: 200px) 100vw, 200px\" \/><\/a><\/p>\n<\/div><div class=\"fusion-clearfix\"><\/div><\/div><\/div><div class=\"fusion-layout-column fusion_builder_column fusion-builder-column-11 fusion_builder_column_1_5 1_5 fusion-one-fifth\" style=\"--awb-bg-size:cover;width:16.8%; margin-right: 4%;\"><div class=\"fusion-column-wrapper fusion-flex-column-wrapper-legacy\"><div class=\"fusion-text fusion-text-10\"><p><a href=\"http:\/\/www.imittelstand.de\" target=\"_blank\" rel=\"nofollow\"><img decoding=\"async\" class=\"lazyload aligncenter size-medium wp-image-1158\" title=\"2015-unified\" src=\"https:\/\/www.webzunder.com\/wp-content\/uploads\/2016\/04\/2015-unified-300x300.png\" data-orig-src=\"https:\/\/www.webzunder.com\/wp-content\/uploads\/2016\/04\/2015-unified-300x300.png\" alt=\"Signet des Innovationspreis-IT \" width=\"200\" height=\"200\" srcset=\"data:image\/svg+xml,%3Csvg%20xmlns%3D%27http%3A%2F%2Fwww.w3.org%2F2000%2Fsvg%27%20width%3D%27200%27%20height%3D%27200%27%20viewBox%3D%270%200%20200%20200%27%3E%3Crect%20width%3D%27200%27%20height%3D%27200%27%20fill-opacity%3D%220%22%2F%3E%3C%2Fsvg%3E\" data-srcset=\"https:\/\/www.webzunder.com\/wp-content\/uploads\/2016\/04\/2015-unified-66x66.png 66w, https:\/\/www.webzunder.com\/wp-content\/uploads\/2016\/04\/2015-unified-150x150.png 150w, https:\/\/www.webzunder.com\/wp-content\/uploads\/2016\/04\/2015-unified-200x200.png 200w, https:\/\/www.webzunder.com\/wp-content\/uploads\/2016\/04\/2015-unified-300x300.png 300w, https:\/\/www.webzunder.com\/wp-content\/uploads\/2016\/04\/2015-unified-400x400.png 400w, https:\/\/www.webzunder.com\/wp-content\/uploads\/2016\/04\/2015-unified-600x600.png 600w, https:\/\/www.webzunder.com\/wp-content\/uploads\/2016\/04\/2015-unified-768x768.png 768w, https:\/\/www.webzunder.com\/wp-content\/uploads\/2016\/04\/2015-unified.png 800w\" data-sizes=\"auto\" data-orig-sizes=\"(max-width: 200px) 100vw, 200px\" \/><\/a><\/p>\n<\/div><div class=\"fusion-clearfix\"><\/div><\/div><\/div><div class=\"fusion-layout-column fusion_builder_column fusion-builder-column-12 fusion_builder_column_1_5 1_5 fusion-one-fifth\" style=\"--awb-bg-size:cover;width:16.8%; margin-right: 4%;\"><div class=\"fusion-column-wrapper fusion-flex-column-wrapper-legacy\"><div class=\"fusion-text fusion-text-11\"><p><a href=\"http:\/\/www.imittelstand.de\" target=\"_blank\" rel=\"nofollow\"><img decoding=\"async\" class=\"lazyload aligncenter size-medium wp-image-1157\" title=\"2014-web\" src=\"https:\/\/www.webzunder.com\/wp-content\/uploads\/2016\/04\/2014-web-300x300.png\" data-orig-src=\"https:\/\/www.webzunder.com\/wp-content\/uploads\/2016\/04\/2014-web-300x300.png\" alt=\"Signet des Innovationspreis-IT \" width=\"200\" height=\"200\" srcset=\"data:image\/svg+xml,%3Csvg%20xmlns%3D%27http%3A%2F%2Fwww.w3.org%2F2000%2Fsvg%27%20width%3D%27200%27%20height%3D%27200%27%20viewBox%3D%270%200%20200%20200%27%3E%3Crect%20width%3D%27200%27%20height%3D%27200%27%20fill-opacity%3D%220%22%2F%3E%3C%2Fsvg%3E\" data-srcset=\"https:\/\/www.webzunder.com\/wp-content\/uploads\/2016\/04\/2014-web-66x66.png 66w, https:\/\/www.webzunder.com\/wp-content\/uploads\/2016\/04\/2014-web-150x150.png 150w, https:\/\/www.webzunder.com\/wp-content\/uploads\/2016\/04\/2014-web-200x200.png 200w, https:\/\/www.webzunder.com\/wp-content\/uploads\/2016\/04\/2014-web-300x300.png 300w, https:\/\/www.webzunder.com\/wp-content\/uploads\/2016\/04\/2014-web-400x400.png 400w, https:\/\/www.webzunder.com\/wp-content\/uploads\/2016\/04\/2014-web-600x600.png 600w, https:\/\/www.webzunder.com\/wp-content\/uploads\/2016\/04\/2014-web-768x768.png 768w, https:\/\/www.webzunder.com\/wp-content\/uploads\/2016\/04\/2014-web.png 800w\" data-sizes=\"auto\" data-orig-sizes=\"(max-width: 200px) 100vw, 200px\" \/><\/a><\/p>\n<\/div><div class=\"fusion-clearfix\"><\/div><\/div><\/div><div class=\"fusion-layout-column fusion_builder_column fusion-builder-column-13 fusion_builder_column_1_5 1_5 fusion-one-fifth fusion-column-last\" style=\"--awb-bg-size:cover;width:16.8%;\"><div class=\"fusion-column-wrapper fusion-flex-column-wrapper-legacy\"><div class=\"fusion-text fusion-text-12\"><p><a href=\"http:\/\/www.imittelstand.de\" target=\"_blank\" rel=\"nofollow\"><img decoding=\"async\" class=\"lazyload aligncenter size-medium wp-image-1156\" title=\"2013-marketing\" src=\"https:\/\/www.webzunder.com\/wp-content\/uploads\/2016\/04\/2013-marketing-300x300.png\" data-orig-src=\"https:\/\/www.webzunder.com\/wp-content\/uploads\/2016\/04\/2013-marketing-300x300.png\" alt=\"Signet des Innovationspreis-IT \" width=\"200\" height=\"200\" srcset=\"data:image\/svg+xml,%3Csvg%20xmlns%3D%27http%3A%2F%2Fwww.w3.org%2F2000%2Fsvg%27%20width%3D%27200%27%20height%3D%27200%27%20viewBox%3D%270%200%20200%20200%27%3E%3Crect%20width%3D%27200%27%20height%3D%27200%27%20fill-opacity%3D%220%22%2F%3E%3C%2Fsvg%3E\" data-srcset=\"https:\/\/www.webzunder.com\/wp-content\/uploads\/2016\/04\/2013-marketing-66x66.png 66w, https:\/\/www.webzunder.com\/wp-content\/uploads\/2016\/04\/2013-marketing-150x150.png 150w, https:\/\/www.webzunder.com\/wp-content\/uploads\/2016\/04\/2013-marketing-200x200.png 200w, https:\/\/www.webzunder.com\/wp-content\/uploads\/2016\/04\/2013-marketing-300x300.png 300w, https:\/\/www.webzunder.com\/wp-content\/uploads\/2016\/04\/2013-marketing-400x400.png 400w, https:\/\/www.webzunder.com\/wp-content\/uploads\/2016\/04\/2013-marketing-600x600.png 600w, https:\/\/www.webzunder.com\/wp-content\/uploads\/2016\/04\/2013-marketing-768x768.png 768w, https:\/\/www.webzunder.com\/wp-content\/uploads\/2016\/04\/2013-marketing.png 800w\" data-sizes=\"auto\" data-orig-sizes=\"(max-width: 200px) 100vw, 200px\" \/><\/a><\/p>\n<\/div><div class=\"fusion-clearfix\"><\/div><\/div><\/div><\/div><\/div><\/p>\n","protected":false},"excerpt":{"rendered":"","protected":false},"author":24,"featured_media":0,"parent":0,"menu_order":0,"comment_status":"closed","ping_status":"closed","template":"100-width.php","meta":{"footnotes":""},"class_list":["post-20","page","type-page","status-publish","hentry"],"_links":{"self":[{"href":"https:\/\/www.webzunder.com\/de\/wp-json\/wp\/v2\/pages\/20","targetHints":{"allow":["GET"]}}],"collection":[{"href":"https:\/\/www.webzunder.com\/de\/wp-json\/wp\/v2\/pages"}],"about":[{"href":"https:\/\/www.webzunder.com\/de\/wp-json\/wp\/v2\/types\/page"}],"author":[{"embeddable":true,"href":"https:\/\/www.webzunder.com\/de\/wp-json\/wp\/v2\/users\/24"}],"replies":[{"embeddable":true,"href":"https:\/\/www.webzunder.com\/de\/wp-json\/wp\/v2\/comments?post=20"}],"version-history":[{"count":0,"href":"https:\/\/www.webzunder.com\/de\/wp-json\/wp\/v2\/pages\/20\/revisions"}],"wp:attachment":[{"href":"https:\/\/www.webzunder.com\/de\/wp-json\/wp\/v2\/media?parent=20"}],"curies":[{"name":"wp","href":"https:\/\/api.w.org\/{rel}","templated":true}]}}