{"id":22,"date":"2016-02-10T04:58:18","date_gmt":"2016-02-10T03:58:18","guid":{"rendered":"http:\/\/webzunder.pionerds.land\/?page_id=22"},"modified":"2026-04-07T11:50:05","modified_gmt":"2026-04-07T09:50:05","slug":"enterprise-social-media-management","status":"publish","type":"page","link":"https:\/\/www.webzunder.com\/de\/enterprise-social-media-management\/","title":{"rendered":"Social-Media-Management mit webZunder"},"content":{"rendered":"<p><div class=\"fusion-fullwidth fullwidth-box fusion-builder-row-1 nonhundred-percent-fullwidth non-hundred-percent-height-scrolling\" style=\"--awb-background-position:left top;--awb-border-radius-top-left:0px;--awb-border-radius-top-right:0px;--awb-border-radius-bottom-right:0px;--awb-border-radius-bottom-left:0px;--awb-border-sizes-top:0px;--awb-border-sizes-bottom:0px;--awb-flex-wrap:wrap;\" ><div class=\"fusion-builder-row fusion-row\"><div class=\"fusion-layout-column fusion_builder_column fusion-builder-column-0 fusion_builder_column_1_3 1_3 fusion-one-third fusion-column-first\" style=\"--awb-bg-size:cover;width:33.333333333333%;width:calc(33.333333333333% - ( ( 4% ) * 0.33333333333333 ) );margin-right: 4%;\"><div class=\"fusion-column-wrapper fusion-flex-column-wrapper-legacy\"><div class=\"fusion-text fusion-text-1\"><p>Wir bieten webZunder f\u00fcr die <strong>Integration in Ihre Unternehmensanwendung oder Webplattform<\/strong> an.<\/p>\n<p>Bitte kontaktieren Sie uns f\u00fcr eine pers\u00f6nliche Demo &#8211; wir rufen Sie gern zur\u00fcck!<\/p>\n<\/div><div class=\"fusion-image-element fusion-image-align-center in-legacy-container\" style=\"text-align:center;--awb-caption-title-font-family:var(--h2_typography-font-family);--awb-caption-title-font-weight:var(--h2_typography-font-weight);--awb-caption-title-font-style:var(--h2_typography-font-style);--awb-caption-title-size:var(--h2_typography-font-size);--awb-caption-title-transform:var(--h2_typography-text-transform);--awb-caption-title-line-height:var(--h2_typography-line-height);--awb-caption-title-letter-spacing:var(--h2_typography-letter-spacing);\"><div class=\"imageframe-align-center\"><span class=\" fusion-imageframe imageframe-none imageframe-1 hover-type-none fusion-animated\" data-animationType=\"slideInLeft\" data-animationDuration=\"0.3\" data-animationOffset=\"top-into-view\"><img decoding=\"async\" width=\"840\" height=\"672\" alt=\"Social Media Management mit webZunder\" title=\"Social Media Dashboard webZunder\" src=\"https:\/\/www.webzunder.com\/wp-content\/uploads\/revslider\/webzunderhome11\/webzunder_dashboard_monitor_neu.png\" data-orig-src=\"https:\/\/www.webzunder.com\/wp-content\/uploads\/revslider\/webzunderhome11\/webzunder_dashboard_monitor_neu.png\" class=\"lazyload img-responsive wp-image-11563\" srcset=\"data:image\/svg+xml,%3Csvg%20xmlns%3D%27http%3A%2F%2Fwww.w3.org%2F2000%2Fsvg%27%20width%3D%27840%27%20height%3D%27672%27%20viewBox%3D%270%200%20840%20672%27%3E%3Crect%20width%3D%27840%27%20height%3D%27672%27%20fill-opacity%3D%220%22%2F%3E%3C%2Fsvg%3E\" data-srcset=\"https:\/\/www.webzunder.com\/wp-content\/uploads\/revslider\/webzunderhome11\/webzunder_dashboard_monitor_neu-200x160.png 200w, https:\/\/www.webzunder.com\/wp-content\/uploads\/revslider\/webzunderhome11\/webzunder_dashboard_monitor_neu-400x320.png 400w, https:\/\/www.webzunder.com\/wp-content\/uploads\/revslider\/webzunderhome11\/webzunder_dashboard_monitor_neu-600x480.png 600w, https:\/\/www.webzunder.com\/wp-content\/uploads\/revslider\/webzunderhome11\/webzunder_dashboard_monitor_neu-800x640.png 800w, https:\/\/www.webzunder.com\/wp-content\/uploads\/revslider\/webzunderhome11\/webzunder_dashboard_monitor_neu.png 840w\" data-sizes=\"auto\" data-orig-sizes=\"(max-width: 800px) 100vw, 400px\" \/><\/span><\/div><\/div><div class=\"fusion-clearfix\"><\/div><\/div><\/div><div class=\"fusion-layout-column fusion_builder_column fusion-builder-column-1 fusion_builder_column_2_3 2_3 fusion-two-third fusion-column-last\" style=\"--awb-bg-size:cover;width:66.666666666667%;width:calc(66.666666666667% - ( ( 4% ) * 0.66666666666667 ) );\"><div class=\"fusion-column-wrapper fusion-flex-column-wrapper-legacy\"><!--[borlabs-exclude-start]-->\n<script type=\"text\/javascript\" src=\"\/\/ma.webzunder.com\/form\/generate.js?id=88\"><\/script>\n<!--[borlabs-exclude-end]--><div class=\"fusion-clearfix\"><\/div><\/div><\/div><\/div><\/div><\/p>\n","protected":false},"excerpt":{"rendered":"","protected":false},"author":24,"featured_media":11563,"parent":0,"menu_order":0,"comment_status":"closed","ping_status":"closed","template":"100-width.php","meta":{"footnotes":""},"class_list":["post-22","page","type-page","status-publish","has-post-thumbnail","hentry"],"_links":{"self":[{"href":"https:\/\/www.webzunder.com\/de\/wp-json\/wp\/v2\/pages\/22","targetHints":{"allow":["GET"]}}],"collection":[{"href":"https:\/\/www.webzunder.com\/de\/wp-json\/wp\/v2\/pages"}],"about":[{"href":"https:\/\/www.webzunder.com\/de\/wp-json\/wp\/v2\/types\/page"}],"author":[{"embeddable":true,"href":"https:\/\/www.webzunder.com\/de\/wp-json\/wp\/v2\/users\/24"}],"replies":[{"embeddable":true,"href":"https:\/\/www.webzunder.com\/de\/wp-json\/wp\/v2\/comments?post=22"}],"version-history":[{"count":1,"href":"https:\/\/www.webzunder.com\/de\/wp-json\/wp\/v2\/pages\/22\/revisions"}],"predecessor-version":[{"id":16128,"href":"https:\/\/www.webzunder.com\/de\/wp-json\/wp\/v2\/pages\/22\/revisions\/16128"}],"wp:featuredmedia":[{"embeddable":true,"href":"https:\/\/www.webzunder.com\/de\/wp-json\/wp\/v2\/media\/11563"}],"wp:attachment":[{"href":"https:\/\/www.webzunder.com\/de\/wp-json\/wp\/v2\/media?parent=22"}],"curies":[{"name":"wp","href":"https:\/\/api.w.org\/{rel}","templated":true}]}}