{"id":7855,"date":"2016-11-22T08:46:53","date_gmt":"2016-11-22T07:46:53","guid":{"rendered":"https:\/\/www.webzunder.com\/de\/?page_id=7855"},"modified":"2017-12-02T21:59:19","modified_gmt":"2017-12-02T20:59:19","slug":"social-media-management-typo3","status":"publish","type":"page","link":"https:\/\/www.webzunder.com\/de\/social-media-management-typo3\/","title":{"rendered":"Social Media Management f\u00fcr TYPO3"},"content":{"rendered":"<p><div class=\"fusion-fullwidth fullwidth-box fusion-builder-row-1 nonhundred-percent-fullwidth non-hundred-percent-height-scrolling\" style=\"--awb-border-radius-top-left:0px;--awb-border-radius-top-right:0px;--awb-border-radius-bottom-right:0px;--awb-border-radius-bottom-left:0px;--awb-padding-top:20px;--awb-padding-bottom:20px;--awb-flex-wrap:wrap;\" ><div class=\"fusion-builder-row fusion-row\"><div class=\"fusion-layout-column fusion_builder_column fusion-builder-column-0 fusion_builder_column_1_1 1_1 fusion-one-full fusion-column-first fusion-column-last\" style=\"--awb-bg-size:cover;\"><div class=\"fusion-column-wrapper fusion-flex-column-wrapper-legacy\"><div class=\"fusion-image-element in-legacy-container\" style=\"--awb-caption-title-font-family:var(--h2_typography-font-family);--awb-caption-title-font-weight:var(--h2_typography-font-weight);--awb-caption-title-font-style:var(--h2_typography-font-style);--awb-caption-title-size:var(--h2_typography-font-size);--awb-caption-title-transform:var(--h2_typography-text-transform);--awb-caption-title-line-height:var(--h2_typography-line-height);--awb-caption-title-letter-spacing:var(--h2_typography-letter-spacing);\"><span class=\" fusion-imageframe imageframe-none imageframe-1 hover-type-zoomin\"><img decoding=\"async\" width=\"1200\" height=\"504\" alt=\"Typo3 Logo - Trademark der TYPO3 Association\" title=\"typo3-1200px-onwhite\" src=\"https:\/\/www.webzunder.com\/wp-content\/uploads\/2016\/11\/typo3-1200px-onwhite.png\" data-orig-src=\"https:\/\/www.webzunder.com\/wp-content\/uploads\/2016\/11\/typo3-1200px-onwhite.png\" class=\"lazyload img-responsive wp-image-7856\" srcset=\"data:image\/svg+xml,%3Csvg%20xmlns%3D%27http%3A%2F%2Fwww.w3.org%2F2000%2Fsvg%27%20width%3D%271200%27%20height%3D%27504%27%20viewBox%3D%270%200%201200%20504%27%3E%3Crect%20width%3D%271200%27%20height%3D%27504%27%20fill-opacity%3D%220%22%2F%3E%3C%2Fsvg%3E\" data-srcset=\"https:\/\/www.webzunder.com\/wp-content\/uploads\/2016\/11\/typo3-1200px-onwhite-200x84.png 200w, https:\/\/www.webzunder.com\/wp-content\/uploads\/2016\/11\/typo3-1200px-onwhite-400x168.png 400w, https:\/\/www.webzunder.com\/wp-content\/uploads\/2016\/11\/typo3-1200px-onwhite-600x252.png 600w, https:\/\/www.webzunder.com\/wp-content\/uploads\/2016\/11\/typo3-1200px-onwhite-800x336.png 800w, https:\/\/www.webzunder.com\/wp-content\/uploads\/2016\/11\/typo3-1200px-onwhite.png 1200w\" data-sizes=\"auto\" data-orig-sizes=\"(max-width: 800px) 100vw, 1200px\" \/><\/span><\/div><div class=\"fusion-clearfix\"><\/div><\/div><\/div><\/div><\/div><div class=\"fusion-fullwidth fullwidth-box fusion-builder-row-2 nonhundred-percent-fullwidth non-hundred-percent-height-scrolling\" style=\"--awb-border-radius-top-left:0px;--awb-border-radius-top-right:0px;--awb-border-radius-bottom-right:0px;--awb-border-radius-bottom-left:0px;--awb-padding-top:20px;--awb-padding-bottom:20px;--awb-flex-wrap:wrap;\" ><div class=\"fusion-builder-row fusion-row\"><div class=\"fusion-layout-column fusion_builder_column fusion-builder-column-1 fusion_builder_column_2_3 2_3 fusion-two-third fusion-column-first\" style=\"--awb-bg-size:cover;width:66.666666666667%;width:calc(66.666666666667% - ( ( 4% ) * 0.66666666666667 ) );margin-right: 4%;\"><div class=\"fusion-column-wrapper fusion-flex-column-wrapper-legacy\"><div class=\"fusion-text fusion-text-1\"><h2>Unterst\u00fctzung f\u00fcr\u00a0den Redaktionsprozess<\/h2>\n<p>Eine Social Media Management L\u00f6sung ist mehr als &#8222;nur&#8220; eine Extension. Es geht dabei weniger um das Social Sharing durch Webseiten-Besucher, als vielmehr um die Unterst\u00fctzung des Redaktionsprozesses. Dazu geh\u00f6rt mehr\u00a0als das Crossposting von Beitr\u00e4gen auf verschiedene Social Networks. Wichtig ist dar\u00fcber hinaus z.B. auch eine Inbox Funktion, die Reaktionen einsammelt und die Beitr\u00e4ge in den verschiedenen Netzen weitestgehend auch untereinander vernetzt.<\/p>\n<h2>Integration mit Social Networks &#8211; als Service<\/h2>\n<p>Die Integration mit sozialen Netzwerken, z.B. Facebook, Twitter, XING und LinkedIn erfordert die Registrierung und Freigabe von Anwendungen in den jeweiligen Netzwerken und eine\u00a0kontinuierliche Pflege der Schnittstellen. Diese Gr\u00fcnde sprechen gegen eine dezentrale Erweiterung, die jedes einzelne TYPO3 System mit den Sozialen Netzwerken verbindet.\u00a0Wir haben mit webZunder ein server-basiertes Werkzeug entwickelt und sorgen f\u00fcr die Pflege und Weiterentwicklung der Schnittstellen zu den Sozialen Netzwerken.<\/p>\n<h2>TYPO3 auf der webZunder Roadmap<\/h2>\n<p>Aktuell unterst\u00fctzt webZunder WordPress &#8211; TYPO3 steht auf unserer Roadmap.\u00a0Wir arbeiten bereits heute mit Agenturen zusammen.\u00a0Insbesondere in Deutschland ist TYPO3 ein weitverbreitetes CMS, das\u00a0f\u00fcr Agenturkunden eingesetzt wird. Dadurch steigt die Nachfrage nach einer Integration mit diesem CMS.<\/p>\n<\/div><div class=\"fusion-clearfix\"><\/div><\/div><\/div><div class=\"fusion-layout-column fusion_builder_column fusion-builder-column-2 fusion_builder_column_1_3 1_3 fusion-one-third fusion-column-last\" style=\"--awb-bg-size:cover;width:33.333333333333%;width:calc(33.333333333333% - ( ( 4% ) * 0.33333333333333 ) );\"><div class=\"fusion-column-wrapper fusion-flex-column-wrapper-legacy\"><div class=\"fusion-title title fusion-title-1 fusion-sep-none fusion-title-center fusion-title-text fusion-title-size-two\" style=\"--awb-margin-top:30px;--awb-margin-bottom:30px;--awb-margin-top-small:0px;--awb-margin-right-small:0px;--awb-margin-bottom-small:20px;--awb-margin-left-small:0px;\"><h2 class=\"fusion-title-heading title-heading-center fusion-responsive-typography-calculated\" style=\"margin:0;--fontSize:30;line-height:1.4;\">Das interessiert mich!<\/h2><\/div><!--[borlabs-exclude-start]-->\n<script type=\"text\/javascript\" src=\"\/\/ma.webzunder.com\/form\/generate.js?id=50\"><\/script>\n<!--[borlabs-exclude-end]--><div class=\"fusion-clearfix\"><\/div><\/div><\/div><\/div><\/div><div class=\"fusion-fullwidth fullwidth-box fusion-builder-row-3 nonhundred-percent-fullwidth non-hundred-percent-height-scrolling\" style=\"--awb-border-radius-top-left:0px;--awb-border-radius-top-right:0px;--awb-border-radius-bottom-right:0px;--awb-border-radius-bottom-left:0px;--awb-padding-top:20px;--awb-padding-bottom:20px;--awb-flex-wrap:wrap;\" ><div class=\"fusion-builder-row fusion-row\"><div class=\"fusion-layout-column fusion_builder_column fusion-builder-column-3 fusion_builder_column_1_1 1_1 fusion-one-full fusion-column-first fusion-column-last\" style=\"--awb-bg-size:cover;\"><div class=\"fusion-column-wrapper fusion-flex-column-wrapper-legacy\"><div class=\"fusion-text fusion-text-2\"><p>TYPO3 ist eine Marke der TYPO3 Association.<\/p>\n<\/div><div class=\"fusion-clearfix\"><\/div><\/div><\/div><\/div><\/div><\/p>\n","protected":false},"excerpt":{"rendered":"","protected":false},"author":24,"featured_media":7856,"parent":0,"menu_order":0,"comment_status":"closed","ping_status":"closed","template":"100-width.php","meta":{"footnotes":""},"class_list":["post-7855","page","type-page","status-publish","has-post-thumbnail","hentry"],"_links":{"self":[{"href":"https:\/\/www.webzunder.com\/de\/wp-json\/wp\/v2\/pages\/7855","targetHints":{"allow":["GET"]}}],"collection":[{"href":"https:\/\/www.webzunder.com\/de\/wp-json\/wp\/v2\/pages"}],"about":[{"href":"https:\/\/www.webzunder.com\/de\/wp-json\/wp\/v2\/types\/page"}],"author":[{"embeddable":true,"href":"https:\/\/www.webzunder.com\/de\/wp-json\/wp\/v2\/users\/24"}],"replies":[{"embeddable":true,"href":"https:\/\/www.webzunder.com\/de\/wp-json\/wp\/v2\/comments?post=7855"}],"version-history":[{"count":0,"href":"https:\/\/www.webzunder.com\/de\/wp-json\/wp\/v2\/pages\/7855\/revisions"}],"wp:featuredmedia":[{"embeddable":true,"href":"https:\/\/www.webzunder.com\/de\/wp-json\/wp\/v2\/media\/7856"}],"wp:attachment":[{"href":"https:\/\/www.webzunder.com\/de\/wp-json\/wp\/v2\/media?parent=7855"}],"curies":[{"name":"wp","href":"https:\/\/api.w.org\/{rel}","templated":true}]}}