{"id":8120,"date":"2017-01-25T14:22:26","date_gmt":"2017-01-25T13:22:26","guid":{"rendered":"https:\/\/www.webzunder.com\/de\/?page_id=8120"},"modified":"2025-07-18T17:38:10","modified_gmt":"2025-07-18T15:38:10","slug":"social-media-coaching","status":"publish","type":"page","link":"https:\/\/www.webzunder.com\/de\/social-media-coaching\/","title":{"rendered":"Social Media-Coaching"},"content":{"rendered":"<p><div class=\"fusion-fullwidth fullwidth-box fusion-builder-row-1 nonhundred-percent-fullwidth non-hundred-percent-height-scrolling\" style=\"--awb-border-radius-top-left:0px;--awb-border-radius-top-right:0px;--awb-border-radius-bottom-right:0px;--awb-border-radius-bottom-left:0px;--awb-padding-top:20px;--awb-padding-bottom:20px;--awb-flex-wrap:wrap;\" ><div class=\"fusion-builder-row fusion-row\"><div class=\"fusion-layout-column fusion_builder_column fusion-builder-column-0 fusion_builder_column_1_1 1_1 fusion-one-full fusion-column-first fusion-column-last\" style=\"--awb-bg-size:cover;\"><div class=\"fusion-column-wrapper fusion-flex-column-wrapper-legacy\"><div class=\"fusion-title title fusion-title-1 fusion-sep-none fusion-title-center fusion-title-text fusion-title-size-one\" style=\"--awb-margin-top-small:0px;--awb-margin-right-small:0px;--awb-margin-bottom-small:20px;--awb-margin-left-small:0px;\"><h1 class=\"fusion-title-heading title-heading-center fusion-responsive-typography-calculated\" style=\"margin:0;--fontSize:34;line-height:1.4;\"><span style=\"font-weight: 400\">Erreichen Sie Ihre Ziele mit dem webZunder Social Media-Coaching<\/span><\/h1><\/div><div class=\"fusion-text fusion-text-1\"><p><span style=\"font-weight: 400\">Mit unserem Coaching unterst\u00fctzen wir Sie dabei, Ihre selbst festgelegten Ziele zu verwirklichen. Keine festgelegten Programmpunkte und Abl\u00e4ufe &#8211; stattdessen helfen wir Ihnen ganz individuell dabei, dort hinzukommen, wo Sie sein m\u00f6chten. Unsere Schwerpunkte sind Online Marketing, Social Media-Management und <a href=\"https:\/\/www.twentyzen.com\/\">Digitalisierung von Gesch\u00e4ftsprozessen<\/a>.<\/span><\/p>\n<\/div><div class=\"fusion-builder-row fusion-builder-row-inner fusion-row\"><div class=\"fusion-layout-column fusion_builder_column_inner fusion-builder-nested-column-0 fusion_builder_column_inner_1_2 1_2 fusion-one-half fusion-column-first\" style=\"--awb-bg-size:cover;width:50%;width:calc(50% - ( ( 4% ) * 0.5 ) );margin-right: 4%;\"><div class=\"fusion-column-wrapper fusion-flex-column-wrapper-legacy\"><div class=\"fusion-text fusion-text-2\"><p><span style=\"font-weight: 400\">Mit unseren Erfahrungen in Business, Marketing und Technologie sind wir der richtige Ansprechpartner f\u00fcr Sie. Wir unterst\u00fctzen Sie dabei, Ihren Online-Auftritt zu optimieren. Egal ob sie Hilfe bei der Verbesserung Ihrer Website ben\u00f6tigen, mehr Informationen zu einem spezifischen sozialen Netzwerk w\u00fcnschen, mit der Online-Werbung starten m\u00f6chten oder ein ganz anderes Ziel verfolgen.<\/span><\/p>\n<\/div><div class=\"fusion-clearfix\"><\/div><\/div><\/div><div class=\"fusion-layout-column fusion_builder_column_inner fusion-builder-nested-column-1 fusion_builder_column_inner_1_2 1_2 fusion-one-half fusion-column-last\" style=\"--awb-bg-size:cover;width:50%;width:calc(50% - ( ( 4% ) * 0.5 ) );\"><div class=\"fusion-column-wrapper fusion-flex-column-wrapper-legacy\"><div class=\"fusion-image-element in-legacy-container\" style=\"--awb-caption-title-font-family:var(--h2_typography-font-family);--awb-caption-title-font-weight:var(--h2_typography-font-weight);--awb-caption-title-font-style:var(--h2_typography-font-style);--awb-caption-title-size:var(--h2_typography-font-size);--awb-caption-title-transform:var(--h2_typography-text-transform);--awb-caption-title-line-height:var(--h2_typography-line-height);--awb-caption-title-letter-spacing:var(--h2_typography-letter-spacing);\"><span class=\" fusion-imageframe imageframe-none imageframe-1 hover-type-none\"><img decoding=\"async\" width=\"600\" height=\"200\" title=\"Social Media Coaching Site &#8211; 600&#215;200\" src=\"https:\/\/www.webzunder.com\/wp-content\/uploads\/2017\/01\/Social-Media-Coaching-Site-600x200.png\" data-orig-src=\"https:\/\/www.webzunder.com\/wp-content\/uploads\/2017\/01\/Social-Media-Coaching-Site-600x200.png\" alt class=\"lazyload img-responsive wp-image-8183\" srcset=\"data:image\/svg+xml,%3Csvg%20xmlns%3D%27http%3A%2F%2Fwww.w3.org%2F2000%2Fsvg%27%20width%3D%27600%27%20height%3D%27200%27%20viewBox%3D%270%200%20600%20200%27%3E%3Crect%20width%3D%27600%27%20height%3D%27200%27%20fill-opacity%3D%220%22%2F%3E%3C%2Fsvg%3E\" data-srcset=\"https:\/\/www.webzunder.com\/wp-content\/uploads\/2017\/01\/Social-Media-Coaching-Site-600x200-200x67.png 200w, https:\/\/www.webzunder.com\/wp-content\/uploads\/2017\/01\/Social-Media-Coaching-Site-600x200-400x133.png 400w, https:\/\/www.webzunder.com\/wp-content\/uploads\/2017\/01\/Social-Media-Coaching-Site-600x200.png 600w\" data-sizes=\"auto\" data-orig-sizes=\"(max-width: 800px) 100vw, 600px\" \/><\/span><\/div><div class=\"fusion-clearfix\"><\/div><\/div><\/div><\/div><div class=\"fusion-text fusion-text-3\"><p><span style=\"font-weight: 400\">Coaching ist nicht dasselbe wie Training. Im Social Media-Training erlernen Sie gr\u00f6\u00dftenteils vordefinierte Inhalte in einem relativ festgelegten Ablauf. Wenn Sie lieber ein Programm durchlaufen m\u00f6chten, ist unser <a href=\"https:\/\/www.webzunder.com\/de\/social-media-training\/\">Social Media-Training<\/a> die beste L\u00f6sung f\u00fcr Sie. Nach Bedarf k\u00f6nnen Coaching und Training auch miteinander kombiniert werden.<\/span><\/p>\n<\/div><div class=\"fusion-clearfix\"><\/div><\/div><\/div><\/div><\/div><div class=\"fusion-fullwidth fullwidth-box fusion-builder-row-2 nonhundred-percent-fullwidth non-hundred-percent-height-scrolling\" style=\"--awb-background-position:left top;--awb-border-radius-top-left:0px;--awb-border-radius-top-right:0px;--awb-border-radius-bottom-right:0px;--awb-border-radius-bottom-left:0px;--awb-padding-top:70px;--awb-padding-bottom:40px;--awb-background-color:#ffffff;--awb-border-sizes-top:0px;--awb-border-sizes-bottom:0px;--awb-flex-wrap:wrap;\" ><div class=\"fusion-builder-row fusion-row\"><div class=\"fusion-layout-column fusion_builder_column fusion-builder-column-1 fusion_builder_column_1_1 1_1 fusion-one-full fusion-column-first fusion-column-last fusion-column-no-min-height\" style=\"--awb-bg-size:cover;--awb-margin-bottom:0px;\"><div class=\"fusion-column-wrapper fusion-flex-column-wrapper-legacy\"><div class=\"fusion-title title fusion-title-2 fusion-sep-none fusion-title-center fusion-title-text fusion-title-size-two\" style=\"--awb-margin-top-small:0px;--awb-margin-right-small:0px;--awb-margin-bottom-small:20px;--awb-margin-left-small:0px;\"><h2 class=\"fusion-title-heading title-heading-center fusion-responsive-typography-calculated\" style=\"margin:0;--fontSize:30;line-height:1.4;\">webZunder &#8211;\u00a0die Vorteile auf einen Blick:<\/h2><\/div><div class=\"fusion-sep-clear\"><\/div><div class=\"fusion-separator fusion-full-width-sep\" style=\"margin-left: auto;margin-right: auto;margin-bottom:0px;width:100%;\"><div class=\"fusion-separator-border sep-single sep-dotted\" style=\"--awb-height:20px;--awb-amount:20px;--awb-sep-color:#1e3748;border-color:#1e3748;border-top-width:1px;\"><\/div><\/div><div class=\"fusion-sep-clear\"><\/div><div class=\"fusion-clearfix\"><\/div><\/div><\/div><\/div><\/div><div class=\"fusion-fullwidth fullwidth-box fusion-builder-row-3 nonhundred-percent-fullwidth non-hundred-percent-height-scrolling fusion-equal-height-columns\" style=\"--awb-background-position:left top;--awb-border-radius-top-left:0px;--awb-border-radius-top-right:0px;--awb-border-radius-bottom-right:0px;--awb-border-radius-bottom-left:0px;--awb-padding-top:0px;--awb-padding-bottom:40px;--awb-background-color:#ffffff;--awb-border-sizes-top:0px;--awb-border-sizes-bottom:0px;--awb-flex-wrap:wrap;\" ><div class=\"fusion-builder-row fusion-row\"><div class=\"fusion-layout-column fusion_builder_column fusion-builder-column-2 fusion_builder_column_1_3 1_3 fusion-one-third fusion-column-first\" style=\"--awb-padding-top:30px;--awb-padding-right:30px;--awb-padding-bottom:30px;--awb-padding-left:30px;--awb-bg-color:#d3d6df;--awb-bg-color-hover:#d3d6df;--awb-bg-size:cover;width:30.6666%; margin-right: 4%;\"><div class=\"fusion-column-wrapper fusion-flex-column-wrapper-legacy\"><div class=\"fusion-image-element fusion-image-align-center in-legacy-container\" style=\"text-align:center;--awb-caption-title-font-family:var(--h2_typography-font-family);--awb-caption-title-font-weight:var(--h2_typography-font-weight);--awb-caption-title-font-style:var(--h2_typography-font-style);--awb-caption-title-size:var(--h2_typography-font-size);--awb-caption-title-transform:var(--h2_typography-text-transform);--awb-caption-title-line-height:var(--h2_typography-line-height);--awb-caption-title-letter-spacing:var(--h2_typography-letter-spacing);\"><div class=\"imageframe-align-center\"><span class=\" fusion-imageframe imageframe-none imageframe-2 hover-type-none\"><img decoding=\"async\" width=\"150\" height=\"150\" title=\"icon_i\" src=\"https:\/\/www.webzunder.com\/wp-content\/uploads\/2016\/04\/icon_i.png\" data-orig-src=\"https:\/\/www.webzunder.com\/wp-content\/uploads\/2016\/04\/icon_i-150x150.png\" alt class=\"lazyload img-responsive wp-image-1179\" srcset=\"data:image\/svg+xml,%3Csvg%20xmlns%3D%27http%3A%2F%2Fwww.w3.org%2F2000%2Fsvg%27%20width%3D%27236%27%20height%3D%27236%27%20viewBox%3D%270%200%20236%20236%27%3E%3Crect%20width%3D%27236%27%20height%3D%27236%27%20fill-opacity%3D%220%22%2F%3E%3C%2Fsvg%3E\" data-srcset=\"https:\/\/www.webzunder.com\/wp-content\/uploads\/2016\/04\/icon_i-200x200.png 200w, https:\/\/www.webzunder.com\/wp-content\/uploads\/2016\/04\/icon_i.png 236w\" data-sizes=\"auto\" data-orig-sizes=\"(max-width: 800px) 100vw, 150px\" \/><\/span><\/div><\/div><div class=\"fusion-title title fusion-title-3 fusion-sep-none fusion-title-text fusion-title-size-three\" style=\"--awb-margin-top:30px;--awb-margin-top-small:0px;--awb-margin-right-small:0px;--awb-margin-bottom-small:20px;--awb-margin-left-small:0px;\"><h3 class=\"fusion-title-heading title-heading-left fusion-responsive-typography-calculated\" style=\"margin:0;--fontSize:26;line-height:1.4;\">Sie geben das Tempo vor<\/h3><\/div><div class=\"fusion-text fusion-text-4\"><p>Mit dem webZunder-Coaching legen Sie den Plan fest: Sie bestimmen wieviel Unterst\u00fctzung Sie brauchen und wie schnell Sie lernen m\u00f6chten. Wir passen uns an Sie an und bringen Sie in Ihrem Rhythmus vorw\u00e4rts.<\/p>\n<\/div><div class=\"fusion-clearfix\"><\/div><\/div><\/div><div class=\"fusion-layout-column fusion_builder_column fusion-builder-column-3 fusion_builder_column_1_3 1_3 fusion-one-third\" style=\"--awb-padding-top:30px;--awb-padding-right:30px;--awb-padding-bottom:30px;--awb-padding-left:30px;--awb-bg-color:#d3d6df;--awb-bg-color-hover:#d3d6df;--awb-bg-size:cover;width:30.6666%; margin-right: 4%;\"><div class=\"fusion-column-wrapper fusion-flex-column-wrapper-legacy\"><div class=\"fusion-image-element fusion-image-align-center in-legacy-container\" style=\"text-align:center;--awb-caption-title-font-family:var(--h2_typography-font-family);--awb-caption-title-font-weight:var(--h2_typography-font-weight);--awb-caption-title-font-style:var(--h2_typography-font-style);--awb-caption-title-size:var(--h2_typography-font-size);--awb-caption-title-transform:var(--h2_typography-text-transform);--awb-caption-title-line-height:var(--h2_typography-line-height);--awb-caption-title-letter-spacing:var(--h2_typography-letter-spacing);\"><div class=\"imageframe-align-center\"><span class=\" fusion-imageframe imageframe-none imageframe-3 hover-type-none\"><img decoding=\"async\" width=\"150\" height=\"150\" alt=\"Gl\u00fchbirnen-Icon, das verdeutlicht, dass das webZunder Social Media-Training Ihnen Insiderwissen vermittelt und als Wissenstransfer im Sinne von Hilfe zur Selbsthilfe angelegt ist.\" title=\"icon_g\" src=\"https:\/\/www.webzunder.com\/wp-content\/uploads\/2016\/04\/webzunder_insiderwissen-erhalten.png\" data-orig-src=\"https:\/\/www.webzunder.com\/wp-content\/uploads\/2016\/04\/webzunder_insiderwissen-erhalten-150x150.png\" class=\"lazyload img-responsive wp-image-1177\" srcset=\"data:image\/svg+xml,%3Csvg%20xmlns%3D%27http%3A%2F%2Fwww.w3.org%2F2000%2Fsvg%27%20width%3D%27236%27%20height%3D%27236%27%20viewBox%3D%270%200%20236%20236%27%3E%3Crect%20width%3D%27236%27%20height%3D%27236%27%20fill-opacity%3D%220%22%2F%3E%3C%2Fsvg%3E\" data-srcset=\"https:\/\/www.webzunder.com\/wp-content\/uploads\/2016\/04\/webzunder_insiderwissen-erhalten-200x200.png 200w, https:\/\/www.webzunder.com\/wp-content\/uploads\/2016\/04\/webzunder_insiderwissen-erhalten.png 236w\" data-sizes=\"auto\" data-orig-sizes=\"(max-width: 800px) 100vw, 150px\" \/><\/span><\/div><\/div><div class=\"fusion-title title fusion-title-4 fusion-sep-none fusion-title-text fusion-title-size-three\" style=\"--awb-margin-top:30px;--awb-margin-top-small:0px;--awb-margin-right-small:0px;--awb-margin-bottom-small:20px;--awb-margin-left-small:0px;\"><h3 class=\"fusion-title-heading title-heading-left fusion-responsive-typography-calculated\" style=\"margin:0;--fontSize:26;line-height:1.4;\">Sie profitieren vom Insiderwissen<\/h3><\/div><div class=\"fusion-text fusion-text-5\"><p>Im webZunder-Coaching profitieren Sie direkt vom Know-how der Experten: Sie lernen wie Sie am schnellsten und besten Ihre Online Marketing- und Social Media-Ziele erreichen. Sie k\u00f6nnen Ihr neues Wissen direkt in die Praxis umsetzen.<\/p>\n<\/div><div class=\"fusion-clearfix\"><\/div><\/div><\/div><div class=\"fusion-layout-column fusion_builder_column fusion-builder-column-4 fusion_builder_column_1_3 1_3 fusion-one-third fusion-column-last\" style=\"--awb-padding-top:30px;--awb-padding-right:30px;--awb-padding-bottom:30px;--awb-padding-left:30px;--awb-bg-color:#d3d6df;--awb-bg-color-hover:#d3d6df;--awb-bg-size:cover;width:30.6666%;\"><div class=\"fusion-column-wrapper fusion-flex-column-wrapper-legacy\"><div class=\"fusion-image-element fusion-image-align-center in-legacy-container\" style=\"text-align:center;--awb-caption-title-font-family:var(--h2_typography-font-family);--awb-caption-title-font-weight:var(--h2_typography-font-weight);--awb-caption-title-font-style:var(--h2_typography-font-style);--awb-caption-title-size:var(--h2_typography-font-size);--awb-caption-title-transform:var(--h2_typography-text-transform);--awb-caption-title-line-height:var(--h2_typography-line-height);--awb-caption-title-letter-spacing:var(--h2_typography-letter-spacing);\"><div class=\"imageframe-align-center\"><span class=\" fusion-imageframe imageframe-none imageframe-4 hover-type-none\"><img decoding=\"async\" width=\"150\" height=\"150\" alt=\"Icon einer Uhr, das verdeutlicht, dass Sie mit dem webZunder Social Media-Setup-Service schnell und unkompliziert alle Ihre Social Media-Profile aufgesetzt bekommen und Sie dabei viel Zeit sparen.\" title=\"icon_c\" src=\"https:\/\/www.webzunder.com\/wp-content\/uploads\/2016\/04\/webzunder_zeit-sparen.png\" data-orig-src=\"https:\/\/www.webzunder.com\/wp-content\/uploads\/2016\/04\/webzunder_zeit-sparen-150x150.png\" class=\"lazyload img-responsive wp-image-1173\" srcset=\"data:image\/svg+xml,%3Csvg%20xmlns%3D%27http%3A%2F%2Fwww.w3.org%2F2000%2Fsvg%27%20width%3D%27236%27%20height%3D%27236%27%20viewBox%3D%270%200%20236%20236%27%3E%3Crect%20width%3D%27236%27%20height%3D%27236%27%20fill-opacity%3D%220%22%2F%3E%3C%2Fsvg%3E\" data-srcset=\"https:\/\/www.webzunder.com\/wp-content\/uploads\/2016\/04\/webzunder_zeit-sparen-200x200.png 200w, https:\/\/www.webzunder.com\/wp-content\/uploads\/2016\/04\/webzunder_zeit-sparen.png 236w\" data-sizes=\"auto\" data-orig-sizes=\"(max-width: 800px) 100vw, 150px\" \/><\/span><\/div><\/div><div class=\"fusion-title title fusion-title-5 fusion-sep-none fusion-title-text fusion-title-size-three\" style=\"--awb-margin-top:30px;--awb-margin-top-small:0px;--awb-margin-right-small:0px;--awb-margin-bottom-small:20px;--awb-margin-left-small:0px;\"><h3 class=\"fusion-title-heading title-heading-left fusion-responsive-typography-calculated\" style=\"margin:0;--fontSize:26;line-height:1.4;\">Mehr Zeit f\u00fcrs Tagesgesch\u00e4ft<\/h3><\/div><div class=\"fusion-text fusion-text-6\"><p>Mit dem webZunder-Coaching sparen Sie wertvolle Zeit: Wir zeigen Ihnen die Tricks und Kniffe, damit Sie die notwendigen Arbeitsschritte schnell und ohne viel Aufwand wiederholen k\u00f6nnen um so die besten Ergebnisse zu erzielen.<\/p>\n<\/div><div class=\"fusion-clearfix\"><\/div><\/div><\/div><\/div><\/div><div class=\"fusion-fullwidth fullwidth-box fusion-builder-row-4 nonhundred-percent-fullwidth non-hundred-percent-height-scrolling\" style=\"--awb-background-position:left top;--awb-border-radius-top-left:0px;--awb-border-radius-top-right:0px;--awb-border-radius-bottom-right:0px;--awb-border-radius-bottom-left:0px;--awb-padding-top:70px;--awb-padding-bottom:30px;--awb-background-color:#f7f7f7;--awb-border-sizes-top:0px;--awb-border-sizes-bottom:0px;--awb-flex-wrap:wrap;\" ><div class=\"fusion-builder-row fusion-row\"><div class=\"fusion-layout-column fusion_builder_column fusion-builder-column-5 fusion_builder_column_1_5 1_5 fusion-one-fifth fusion-column-first\" style=\"--awb-bg-size:cover;width:16.8%; margin-right: 4%;\"><div class=\"fusion-column-wrapper fusion-flex-column-wrapper-legacy\"><div class=\"fusion-clearfix\"><\/div><\/div><\/div><div class=\"fusion-layout-column fusion_builder_column fusion-builder-column-6 fusion_builder_column_3_5 3_5 fusion-three-fifth\" style=\"--awb-bg-size:cover;width:58.4%; margin-right: 4%;\"><div class=\"fusion-column-wrapper fusion-flex-column-wrapper-legacy\"><style type='text\/css'>\n\t\t\t\t.pricing-table-1.fusion-pricing-table .panel-container, .pricing-table-1.fusion-pricing-table .standout .panel-container,\n\t\t\t\t.pricing-table-1.full-boxed-pricing.fusion-pricing-table {background-color:#f8f8f8;}\n\t\t\t\t.pricing-table-1.fusion-pricing-table .list-group .list-group-item,\n\t\t\t\t.pricing-table-1.fusion-pricing-table .list-group .list-group-item:last-child{background-color:#ffffff; border-color:#ededed;}\n\t\t\t\t.pricing-table-1.full-boxed-pricing.fusion-pricing-table .panel-wrapper:hover .panel-heading,\n\t\t\t\t.pricing-table-1.fusion-pricing-table .panel-wrapper:hover .list-group-item {background-color:#f8f8f8;}\n\t\t\t\t.pricing-table-1.full-boxed-pricing.fusion-pricing-table .panel-heading{background-color:#ffffff;}\n\t\t\t\t.pricing-table-1.fusion-pricing-table .fusion-panel, .pricing-table-1 .panel-wrapper:last-child .fusion-panel,\n\t\t\t\t.pricing-table-1.fusion-pricing-table .standout .fusion-panel, .pricing-table-1.fusion-pricing-table  .panel-heading,\n\t\t\t\t.pricing-table-1.fusion-pricing-table .panel-body, .pricing-table-1.fusion-pricing-table .panel-footer{border-color:#ededed;}\n\t\t\t\t.pricing-table-1.fusion-pricing-table .panel-body, .pricing-table-1.fusion-pricing-table .panel-footer{background-color:#f8f8f8;}\n\t\t\t\t.pricing-table-1.sep-boxed-pricing.fusion-pricing-table .panel-heading h3{color:#333333;}\n\t\t\t\t.pricing-table-1.full-boxed-pricing.fusion-pricing-table .panel-heading h3{color:#333333;}\n\t\t\t\t.pricing-table-1.fusion-pricing-table .panel-body .price .decimal-part{color:#a0ce4e;}\n\t\t\t\t.pricing-table-1.fusion-pricing-table .panel-body .price .integer-part{color:#a0ce4e;}\n\t\t\t\t.pricing-table-1.fusion-pricing-table ul.list-group li{color:#1e3748;}\n\t\t\t\t<\/style><div class=\"fusion-pricing-table pricing-table-1 sep-boxed-pricing row fusion-columns-1 columns-1 fusion-clearfix einstieg\"><div class=\"panel-wrapper fusion-column column col-lg-12 col-md-12 col-sm-12 fusion-pricingtable-column\"><div class=\"panel-container\"><div class=\"fusion-panel\"><div class=\"panel-heading\"><h3 class=\"title-row\"><strong>Das webZunder-Coaching:<\/strong><\/h3><\/div><div class=\"panel-body pricing-row\"><\/div><ul class=\"list-group\"><li class=\"list-group-item normal-row\">Schwerpunkt-Themen: Online Marketing, Social Media-Management und Digitalisierung<\/li><li class=\"list-group-item normal-row\">Termine per Webkonferenz oder pers\u00f6nlich (wenn m\u00f6glich)<\/li><li class=\"list-group-item normal-row\">Vor-, Nachbereitung und Dokumentation der Termine<\/li><\/ul><div class=\"panel-footer footer-row\"><div class=\"fusion-aligncenter\"><a class=\"fusion-button button-flat fusion-button-default-size button-default fusion-button-default button-1 fusion-button-default-span fusion-button-default-type\" target=\"_self\" href=\"https:\/\/www.webzunder.com\/de\/kontakt\/\"><span class=\"fusion-button-text awb-button__text awb-button__text--default\">Angebot anfragen<\/span><\/a><\/div><\/div><\/div><\/div><\/div><\/div><div class=\"fusion-text fusion-text-7\"><p class=\"advice\">*Dieses Angebot richtet sich an alle Interessenten, die nicht als Verbraucher agieren. Unsere Preise sind netto, d.h. exclusive Umsatzsteuer ausgewiesen. Je nach Standort Ihres Unternehmens sind Sie ggf. in Deutschland oder Ihrem Heimatland umsatzsteuerpflichtig.<\/p>\n<\/div><div class=\"fusion-clearfix\"><\/div><\/div><\/div><div class=\"fusion-layout-column fusion_builder_column fusion-builder-column-7 fusion_builder_column_1_5 1_5 fusion-one-fifth fusion-column-last\" style=\"--awb-bg-size:cover;width:16.8%;\"><div class=\"fusion-column-wrapper fusion-flex-column-wrapper-legacy\"><div class=\"fusion-clearfix\"><\/div><\/div><\/div><\/div><\/div><\/p>\n","protected":false},"excerpt":{"rendered":"","protected":false},"author":41,"featured_media":9492,"parent":0,"menu_order":0,"comment_status":"closed","ping_status":"closed","template":"100-width.php","meta":{"footnotes":""},"class_list":["post-8120","page","type-page","status-publish","has-post-thumbnail","hentry"],"_links":{"self":[{"href":"https:\/\/www.webzunder.com\/de\/wp-json\/wp\/v2\/pages\/8120","targetHints":{"allow":["GET"]}}],"collection":[{"href":"https:\/\/www.webzunder.com\/de\/wp-json\/wp\/v2\/pages"}],"about":[{"href":"https:\/\/www.webzunder.com\/de\/wp-json\/wp\/v2\/types\/page"}],"author":[{"embeddable":true,"href":"https:\/\/www.webzunder.com\/de\/wp-json\/wp\/v2\/users\/41"}],"replies":[{"embeddable":true,"href":"https:\/\/www.webzunder.com\/de\/wp-json\/wp\/v2\/comments?post=8120"}],"version-history":[{"count":1,"href":"https:\/\/www.webzunder.com\/de\/wp-json\/wp\/v2\/pages\/8120\/revisions"}],"predecessor-version":[{"id":15895,"href":"https:\/\/www.webzunder.com\/de\/wp-json\/wp\/v2\/pages\/8120\/revisions\/15895"}],"wp:featuredmedia":[{"embeddable":true,"href":"https:\/\/www.webzunder.com\/de\/wp-json\/wp\/v2\/media\/9492"}],"wp:attachment":[{"href":"https:\/\/www.webzunder.com\/de\/wp-json\/wp\/v2\/media?parent=8120"}],"curies":[{"name":"wp","href":"https:\/\/api.w.org\/{rel}","templated":true}]}}