{"id":8269,"date":"2017-02-01T14:48:03","date_gmt":"2017-02-01T13:48:03","guid":{"rendered":"https:\/\/www.webzunder.com\/de\/?page_id=8269"},"modified":"2018-03-22T16:07:42","modified_gmt":"2018-03-22T15:07:42","slug":"agenturen-in-dresden","status":"publish","type":"page","link":"https:\/\/www.webzunder.com\/de\/agenturen-in-dresden\/","title":{"rendered":"Social Media-Studie 2017 f\u00fcr Agenturen in Dresden"},"content":{"rendered":"<p><div class=\"fusion-fullwidth fullwidth-box fusion-builder-row-1 nonhundred-percent-fullwidth non-hundred-percent-height-scrolling\" style=\"--awb-border-radius-top-left:0px;--awb-border-radius-top-right:0px;--awb-border-radius-bottom-right:0px;--awb-border-radius-bottom-left:0px;--awb-padding-top:20px;--awb-padding-bottom:20px;--awb-flex-wrap:wrap;\" ><div class=\"fusion-builder-row fusion-row\"><div class=\"fusion-layout-column fusion_builder_column fusion-builder-column-0 fusion_builder_column_1_1 1_1 fusion-one-full fusion-column-first fusion-column-last\" style=\"--awb-bg-size:cover;\"><div class=\"fusion-column-wrapper fusion-flex-column-wrapper-legacy\"><div class=\"fusion-text fusion-text-1\"><h1>Social Media-Studie 2017 f\u00fcr Dresdner Agenturen<\/h1>\n<p>Soziale Medien geh\u00f6ren f\u00fcr Online-Marketing-Agenturen zum Tagesgesch\u00e4ft. Aber wie sieht es eigentlich bei den Agenturen selbst aus?<\/p>\n<p>F\u00fcr\u00a0uns als s\u00e4chsisches Unternehmen besonders interessant &#8211; wie aktiv sind Dresdner Agenturen? K\u00f6nnen Sie einem Vergleich mit den erfolgreichsten Agenturen Deutschlands standhalten?<\/p>\n<p>Untersucht wurden die Online-Auftritte von 117 Dresdner Agenturen und den\u00a0Top 50 der erfolgreichsten Digitalagenturen\u00a0Deutschlands.<\/p>\n<\/div><div class=\"fusion-clearfix\"><\/div><\/div><\/div><\/div><\/div><div class=\"fusion-fullwidth fullwidth-box fusion-builder-row-2 nonhundred-percent-fullwidth non-hundred-percent-height-scrolling\" style=\"--awb-border-radius-top-left:0px;--awb-border-radius-top-right:0px;--awb-border-radius-bottom-right:0px;--awb-border-radius-bottom-left:0px;--awb-padding-top:20px;--awb-padding-bottom:20px;--awb-flex-wrap:wrap;\" ><div class=\"fusion-builder-row fusion-row\"><div class=\"fusion-layout-column fusion_builder_column fusion-builder-column-1 fusion_builder_column_1_2 1_2 fusion-one-half fusion-column-first\" style=\"--awb-bg-size:cover;width:50%;width:calc(50% - ( ( 4% ) * 0.5 ) );margin-right: 4%;\"><div class=\"fusion-column-wrapper fusion-flex-column-wrapper-legacy\"><div class=\"fusion-text fusion-text-2\"><h2>Einige interessante Erkenntnisse:<\/h2>\n<ul>\n<li>Die Dresdner Marketingexperten verlassen sich wie die Top 50 Agenturen auf die Social Media-Plattformen Facebook, Google+, LinkedIn und XING.<\/li>\n<li>Dresdner Agenturen posten seltener auf Facebook, Instagram und Twitter als die Top 50 Agenturen.<\/li>\n<li>Bildplattformen wie Instagram, Pinterest und Snapchat werden von allen Agenturen (noch) selten genutzt.<\/li>\n<\/ul>\n<\/div><div class=\"fusion-image-element in-legacy-container\" style=\"--awb-caption-title-font-family:var(--h2_typography-font-family);--awb-caption-title-font-weight:var(--h2_typography-font-weight);--awb-caption-title-font-style:var(--h2_typography-font-style);--awb-caption-title-size:var(--h2_typography-font-size);--awb-caption-title-transform:var(--h2_typography-text-transform);--awb-caption-title-line-height:var(--h2_typography-line-height);--awb-caption-title-letter-spacing:var(--h2_typography-letter-spacing);\"><span class=\" fusion-imageframe imageframe-none imageframe-1 hover-type-none\"><img decoding=\"async\" width=\"1024\" height=\"679\" title=\"170120_studie_webzunderDt+DD1\" src=\"data:image\/svg+xml,%3Csvg%20xmlns%3D%27http%3A%2F%2Fwww.w3.org%2F2000%2Fsvg%27%20width%3D%27150%27%20height%3D%27100%27%20viewBox%3D%270%200%20150%20100%27%3E%3Crect%20width%3D%27150%27%20height%3D%27100%27%20fill-opacity%3D%220%22%2F%3E%3C%2Fsvg%3E\" data-orig-src=\"https:\/\/www.webzunder.com\/wp-content\/uploads\/2017\/01\/170120_studie_webzunderDtDD1-1024x679.png\" alt class=\"lazyload img-responsive wp-image-8137\"\/><\/span><\/div><div class=\"fusion-text fusion-text-3\"><p>Haben Sie Interesse an weiteren spannenden Erkenntnissen zum Thema Social Media?\u00a0<a href=\"https:\/\/www.webzunder.com\/de\/social\/\">Folgen Sie uns<\/a>\u00a0und bleiben Sie auf dem Laufenden!<\/p>\n<\/div><div class=\"fusion-clearfix\"><\/div><\/div><\/div><div class=\"fusion-layout-column fusion_builder_column fusion-builder-column-2 fusion_builder_column_1_2 1_2 fusion-one-half fusion-column-last\" style=\"--awb-bg-size:cover;width:50%;width:calc(50% - ( ( 4% ) * 0.5 ) );\"><div class=\"fusion-column-wrapper fusion-flex-column-wrapper-legacy\"><div class=\"fusion-text fusion-text-4\"><h2>Lesen Sie die komplette Studie!<\/h2>\n<\/div><!--[borlabs-exclude-start]-->\n<script type=\"text\/javascript\" src=\"\/\/ma.webzunder.com\/form\/generate.js?id=60\"><\/script>\n<!--[borlabs-exclude-end]--><div class=\"fusion-clearfix\"><\/div><\/div><\/div><\/div><\/div><\/p>\n","protected":false},"excerpt":{"rendered":"","protected":false},"author":39,"featured_media":8137,"parent":0,"menu_order":0,"comment_status":"closed","ping_status":"closed","template":"","meta":{"footnotes":""},"class_list":["post-8269","page","type-page","status-publish","has-post-thumbnail","hentry"],"_links":{"self":[{"href":"https:\/\/www.webzunder.com\/de\/wp-json\/wp\/v2\/pages\/8269","targetHints":{"allow":["GET"]}}],"collection":[{"href":"https:\/\/www.webzunder.com\/de\/wp-json\/wp\/v2\/pages"}],"about":[{"href":"https:\/\/www.webzunder.com\/de\/wp-json\/wp\/v2\/types\/page"}],"author":[{"embeddable":true,"href":"https:\/\/www.webzunder.com\/de\/wp-json\/wp\/v2\/users\/39"}],"replies":[{"embeddable":true,"href":"https:\/\/www.webzunder.com\/de\/wp-json\/wp\/v2\/comments?post=8269"}],"version-history":[{"count":0,"href":"https:\/\/www.webzunder.com\/de\/wp-json\/wp\/v2\/pages\/8269\/revisions"}],"wp:featuredmedia":[{"embeddable":true,"href":"https:\/\/www.webzunder.com\/de\/wp-json\/wp\/v2\/media\/8137"}],"wp:attachment":[{"href":"https:\/\/www.webzunder.com\/de\/wp-json\/wp\/v2\/media?parent=8269"}],"curies":[{"name":"wp","href":"https:\/\/api.w.org\/{rel}","templated":true}]}}