{"id":8674,"date":"2017-05-28T19:08:31","date_gmt":"2017-05-28T17:08:31","guid":{"rendered":"https:\/\/www.webzunder.com\/de\/?page_id=8674"},"modified":"2017-11-17T09:05:26","modified_gmt":"2017-11-17T08:05:26","slug":"howto-testimonials-referenzen","status":"publish","type":"page","link":"https:\/\/www.webzunder.com\/de\/howto-testimonials-referenzen\/","title":{"rendered":"Best Practice: Umfrage zu &#8222;Testimonials und Referenzen&#8220;"},"content":{"rendered":"<div class=\"fusion-fullwidth fullwidth-box fusion-builder-row-1 nonhundred-percent-fullwidth non-hundred-percent-height-scrolling\" style=\"--awb-border-radius-top-left:0px;--awb-border-radius-top-right:0px;--awb-border-radius-bottom-right:0px;--awb-border-radius-bottom-left:0px;--awb-flex-wrap:wrap;\" ><div class=\"fusion-builder-row fusion-row\"><div class=\"fusion-layout-column fusion_builder_column fusion-builder-column-0 fusion_builder_column_1_1 1_1 fusion-one-full fusion-column-first fusion-column-last\" style=\"--awb-padding-top:30px;--awb-bg-size:cover;\"><div class=\"fusion-column-wrapper fusion-flex-column-wrapper-legacy\"><div class=\"fusion-title title fusion-title-1 fusion-sep-none fusion-title-center fusion-title-text fusion-title-size-one\" style=\"--awb-margin-top-small:0px;--awb-margin-right-small:0px;--awb-margin-bottom-small:20px;--awb-margin-left-small:0px;\"><h1 class=\"fusion-title-heading title-heading-center fusion-responsive-typography-calculated\" style=\"margin:0;--fontSize:34;line-height:1.4;\">Wie organisieren Sie eigentlich Ihre Referenzen und Testimonials?<\/h1><\/div><div class=\"fusion-clearfix\"><\/div><\/div><\/div><div class=\"fusion-layout-column fusion_builder_column fusion-builder-column-1 fusion_builder_column_2_3 2_3 fusion-two-third fusion-column-first\" style=\"--awb-bg-size:cover;width:66.666666666667%;width:calc(66.666666666667% - ( ( 4% ) * 0.66666666666667 ) );margin-right: 4%;\"><div class=\"fusion-column-wrapper fusion-flex-column-wrapper-legacy\"><div class=\"fusion-text fusion-text-1\"><p>Ohne Zweifel: Referenzen und Testimonials sind <strong>wichtig<\/strong>, der Prozess daf\u00fcr ist <strong>meist zeitaufw\u00e4ndig<\/strong> und <strong>oft auch ein bisschen chaotisch<\/strong>.<\/p>\n<p>Ich recherchiere f\u00fcr einen Artikel, wie es besser geht:<\/p>\n<ul>\n<li>Was ist Ihr &#8222;Geheimtipp&#8220;?<\/li>\n<li>Wie gehen Sie beim Einsammeln von Referenzen und Testimonials vor?<\/li>\n<li>Wir organisieren Sie die Erstellung, Freigaben und Dokumentation?<\/li>\n<li>Schreiben Sie Drafts, oder lassen Sie Ihren Kunden komplett freie Hand?<\/li>\n<li>Was lief super &#8211; was war ein kompletter Reinfall?<\/li>\n<\/ul>\n<p><strong>In ca. 3 Wochen werde ich den fertigen Artikel ver\u00f6ffentlichen, die besten Zitate und Tipps in unserem Artikel ver\u00f6ffentlichen und den jeweiligen Tippgeber verlinken. Falls Sie \u00fcber die Fertigstellung informiert werden m\u00f6chten, lassen Sie es mich bitte im Formular wissen.\u00a0<\/strong><\/p>\n<p>Vielen Dank!<br \/>\nDirk Spannaus<\/p>\n<p>(P.S. Wie so etwas aussehen kann, sehen Sie im Beitrag zu den <a href=\"https:\/\/www.webzunder.com\/de\/blog\/top-10-der-trends-fuer-kommunikation-social-media-und-kmu-2017\/\">Social Media-Trends 2017<\/a>.)<\/p>\n<\/div><div class=\"fusion-clearfix\"><\/div><\/div><\/div><div class=\"fusion-layout-column fusion_builder_column fusion-builder-column-2 fusion_builder_column_1_3 1_3 fusion-one-third fusion-column-last\" style=\"--awb-bg-size:cover;width:33.333333333333%;width:calc(33.333333333333% - ( ( 4% ) * 0.33333333333333 ) );\"><div class=\"fusion-column-wrapper fusion-flex-column-wrapper-legacy\"><div class=\"fusion-person person fusion-person-center fusion-person-1 fusion-person-icon-top\" style=\"--awb-pic-style-color:#000000;--awb-pic-borderradius:0px;--awb-margin-top:0px;--awb-margin-right:0px;--awb-margin-bottom:0px;--awb-margin-left:0px;\"><div class=\"person-shortcode-image-wrapper\"><div class=\"person-image-container hover-type-zoomin dropshadow\" style=\"border:0px solid #f6f6f6;-webkit-box-shadow: 3px 3px 7px rgba(0,0,0,0.3);box-shadow: 3px 3px 7px rgba(0,0,0,0.3);-webkit-border-radius:0px;-moz-border-radius:0px;border-radius:0px;\"><img decoding=\"async\" class=\"lazyload person-img img-responsive wp-image-8676\" width=\"300\" height=\"300\" src=\"https:\/\/www.webzunder.com\/wp-content\/uploads\/2017\/05\/Dirk-Spannaus-800px-d-300x300.jpg\" data-orig-src=\"https:\/\/www.webzunder.com\/wp-content\/uploads\/2017\/05\/Dirk-Spannaus-800px-d-300x300.jpg\" alt=\"Dirk Spannaus\" srcset=\"data:image\/svg+xml,%3Csvg%20xmlns%3D%27http%3A%2F%2Fwww.w3.org%2F2000%2Fsvg%27%20width%3D%27300%27%20height%3D%27300%27%20viewBox%3D%270%200%20300%20300%27%3E%3Crect%20width%3D%27300%27%20height%3D%27300%27%20fill-opacity%3D%220%22%2F%3E%3C%2Fsvg%3E\" data-srcset=\"https:\/\/www.webzunder.com\/wp-content\/uploads\/2017\/05\/Dirk-Spannaus-800px-d-200x200.jpg 200w, https:\/\/www.webzunder.com\/wp-content\/uploads\/2017\/05\/Dirk-Spannaus-800px-d-400x400.jpg 400w, https:\/\/www.webzunder.com\/wp-content\/uploads\/2017\/05\/Dirk-Spannaus-800px-d-600x600.jpg 600w, https:\/\/www.webzunder.com\/wp-content\/uploads\/2017\/05\/Dirk-Spannaus-800px-d.jpg 800w\" data-sizes=\"auto\" data-orig-sizes=\"(max-width: 800px) 100vw, 400px\" \/><\/div><\/div><div class=\"person-desc\"><div class=\"person-author\"><div class=\"person-author-wrapper\"><span class=\"person-name\">Dirk Spannaus<\/span><span class=\"person-title\">Gr\u00fcnder webZunder.com<\/span><\/div><\/div><div class=\"person-content fusion-clearfix\">Immer an guten Praxistipps f\u00fcr Unternehmer und Agenturen interessiert.<\/div><\/div><\/div><div class=\"fusion-clearfix\"><\/div><\/div><\/div><div class=\"fusion-layout-column fusion_builder_column fusion-builder-column-3 fusion_builder_column_1_1 1_1 fusion-one-full fusion-column-first fusion-column-last\" style=\"--awb-bg-size:cover;\"><div class=\"fusion-column-wrapper fusion-flex-column-wrapper-legacy\"><div class=\"fusion-text fusion-text-2\"><p>[bctt tweet=&#8220;#Referenzen und #Testimonials &#8211; unverzichtbar! Wie organisierst Du das ganze effektiv?&#8220; username=&#8220;dirk_s&#8220;]<\/p>\n<\/div><div class=\"fusion-clearfix\"><\/div><\/div><\/div><div class=\"fusion-layout-column fusion_builder_column fusion-builder-column-4 fusion_builder_column_1_1 1_1 fusion-one-full fusion-column-first fusion-column-last\" style=\"--awb-bg-size:cover;\"><div class=\"fusion-column-wrapper fusion-flex-column-wrapper-legacy\"><script type=\"text\/javascript\" src=\"\/\/ma.webzunder.com\/form\/generate.js?id=64\"><\/script><div class=\"fusion-clearfix\"><\/div><\/div><\/div><\/div><\/div>\n","protected":false},"excerpt":{"rendered":"","protected":false},"author":24,"featured_media":8705,"parent":0,"menu_order":0,"comment_status":"closed","ping_status":"closed","template":"","meta":{"footnotes":""},"class_list":["post-8674","page","type-page","status-publish","has-post-thumbnail","hentry"],"_links":{"self":[{"href":"https:\/\/www.webzunder.com\/de\/wp-json\/wp\/v2\/pages\/8674","targetHints":{"allow":["GET"]}}],"collection":[{"href":"https:\/\/www.webzunder.com\/de\/wp-json\/wp\/v2\/pages"}],"about":[{"href":"https:\/\/www.webzunder.com\/de\/wp-json\/wp\/v2\/types\/page"}],"author":[{"embeddable":true,"href":"https:\/\/www.webzunder.com\/de\/wp-json\/wp\/v2\/users\/24"}],"replies":[{"embeddable":true,"href":"https:\/\/www.webzunder.com\/de\/wp-json\/wp\/v2\/comments?post=8674"}],"version-history":[{"count":0,"href":"https:\/\/www.webzunder.com\/de\/wp-json\/wp\/v2\/pages\/8674\/revisions"}],"wp:featuredmedia":[{"embeddable":true,"href":"https:\/\/www.webzunder.com\/de\/wp-json\/wp\/v2\/media\/8705"}],"wp:attachment":[{"href":"https:\/\/www.webzunder.com\/de\/wp-json\/wp\/v2\/media?parent=8674"}],"curies":[{"name":"wp","href":"https:\/\/api.w.org\/{rel}","templated":true}]}}